{"id":48985,"date":"2025-10-08T18:47:42","date_gmt":"2025-10-08T17:47:42","guid":{"rendered":"https:\/\/catlife.be\/product\/liza-800g-gevogelte\/"},"modified":"2026-01-20T08:35:04","modified_gmt":"2026-01-20T07:35:04","slug":"liza-800g-gevogelte","status":"publish","type":"product","link":"https:\/\/catlife.be\/fr\/produit\/liza-800g-gevogelte\/","title":{"rendered":"LIZA 800g gevogelte"},"content":{"rendered":"<h2 class=\"h2\" style=\"margin-right: 0px;margin-bottom: 1.875rem;margin-left: 0px;font-weight: 700;line-height: 1.1875;padding: 0px;text-transform: uppercase;font-family: Anton, Helvetica, Arial, sans-serif;letter-spacing: 0.5px\"><font style=\"vertical-align: inherit\">L\u00cdZA gevogelte 400g<\/font><\/h2>\n<div class=\"text text--1 color__brand--2\" style=\"font-size: 16px;line-height: 1.5;margin-bottom: 1.875rem;font-family: Roboto, Helvetica, Arial, sans-serif\">\n<p><span style=\"font-size: 11pt\"><span style=\"line-height: 15.6933px\"><span style=\"font-family: Calibri, sans-serif\"><span style=\"font-size: 12pt\"><span style=\"line-height: 17.12px\">Ingeblikt voedsel uit de L\u00cdZA-lijn heeft een uitstekende voedingswaarde en bevat veel magnesium, wat de goede werking van spieren en zenuwen bevordert. Ook bevat het natrium en calcium, wat een positief effect heeft op de versterking van de botten en gewrichten. Alles is in zijn natuurlijke vorm.<\/span><\/span><\/span><\/span><\/span><\/p>\n<p><span style=\"font-size: 11pt\"><span style=\"line-height: 15.6933px\"><span style=\"font-family: Calibri, sans-serif\"><span style=\"font-size: 12pt\"><span style=\"line-height: 17.12px\">Het bevat rundvlees, dat rijk is aan essenti\u00eble aminozuren, ijzer en vitamine B2. Het bevat ook eiwitten, die de spiergroei bevorderen. Het ondersteunt de kauwspieren en is uitstekend voor de conditie en vacht.<\/span><\/span><\/span><\/span><\/span><\/p>\n<p><span style=\"font-size: 11pt\"><span style=\"line-height: 15.6933px\"><span style=\"font-family: Calibri, sans-serif\"><span style=\"font-size: 12pt\"><span style=\"line-height: 17.12px\">Pluimveevlees is zeer licht verteerbaar en een rijke bron aan eiwitten. Het bevat een gunstige hoeveelheid mineralen, vooral ijzer, fosfor, zink, natrium, kalium en vitamine B.<\/span><\/span><\/span><\/span><\/span><\/p>\n<p><span style=\"font-size: 11pt\"><span style=\"line-height: 15.6933px\"><span style=\"font-family: Calibri, sans-serif\"><span style=\"font-weight: bolder\"><span style=\"font-size: 12pt\"><span style=\"line-height: 17.12px\">Ingeblikte botten zijn niet gevaarlijk; Dankzij de sterilisatie, die onder hoge druk en temperatuur plaatsvindt, zijn ze helemaal zacht en kunt u ze tussen uw vingers fijnmalen.<\/span><\/span><\/span><\/span><\/span><\/span><\/p>\n<p><span style=\"font-size: 11pt\"><span style=\"line-height: 15.6933px\"><span style=\"font-family: Calibri, sans-serif\"><span style=\"font-weight: bolder\"><span style=\"font-size: 12pt\"><span style=\"line-height: 17.12px\">Botten vormen een belangrijk onderdeel van het dieet van een huisdier. Ze bevatten belangrijke mineralen. Wanneer fokkers blikvoer met botten voeren, hoeven ze geen extra vitaminen met mineralen aan te schaffen.<\/span><\/span><\/span><\/span><\/span><\/span><\/p>\n<p><span style=\"font-size: 11pt\"><span style=\"line-height: 15.6933px\"><span style=\"font-family: Calibri, sans-serif\"><span style=\"font-size: 12pt\"><span style=\"line-height: 17.12px\">L\u00cdZA blikvoer is geschikt voor alle leeftijden en alle rassen.<\/span><\/span><\/span><\/span><\/span><\/p>\n<p><span style=\"font-size: 11pt\"><span style=\"line-height: 15.6933px\"><span style=\"font-family: Calibri, sans-serif\"><span style=\"font-size: 12pt\"><span style=\"line-height: 17.12px\">Al onze producten zijn natuurlijk en bevatten geen kleurstoffen, smaakstoffen, conserveringsmiddelen, chemicali\u00ebn, granen, rijst of soja. De recepten zijn samengesteld door dierenarts en oprichter MVDr. Ji\u0159\u00ed Sokol.<\/span><\/span><\/span><\/span><\/span><\/p>\n<p><span style=\"font-size: 11pt\"><span style=\"line-height: 15.6933px\"><span style=\"font-family: Calibri, sans-serif\">FALCO blikvoer heeft een houdbaarheid van 3 jaar. Je kunt het ongeveer 7 dagen in de koelkast bewaren, of zo lang als je wilt.<\/span><\/span><\/span><\/p>\n<p><span style=\"font-size: 11pt\"><span style=\"line-height: 15.6933px\"><span style=\"font-family: Calibri, sans-serif\"><b>Ingredi\u00ebnten:<\/b> Vlees en dierlijke bijproducten (rundvlees, varkensvlees, rundvlees, pluimveevlees).<\/span><\/span><\/span><\/p>\n<p><span style=\"font-size: 11pt\"><span style=\"line-height: 15.6933px\"><span style=\"font-family: Calibri, sans-serif\"><b>Analytische bestanddelen<\/b>: ruw eiwit 16%, ruw vet 11%, ruwe celstof 0,5%, ruwe as 2,5%, vocht 70%, hoog natuurlijk gehalte aan vitamines (A, E, D) en aminozuren (lysine, methionine, cystine)<\/span><\/span><\/span><\/p>\n<\/div>\n","protected":false},"excerpt":{"rendered":"<p>Gevogelte is zeer licht verteerbaar en een rijke bron aan eiwitten. Het bevat een gunstige hoeveelheid mineralen, vooral ijzer, fosfor, zink, natrium, kalium en vitamine B.<\/p>\n","protected":false},"featured_media":48948,"template":"","meta":[],"product_brand":[1769],"product_cat":[],"product_tag":[],"class_list":{"0":"post-48985","1":"product","2":"type-product","3":"status-publish","4":"has-post-thumbnail","6":"product_brand-sokol-falco4","8":"first","9":"instock","10":"taxable","11":"shipping-taxable","12":"purchasable","13":"product-type-simple"},"yoast_head":"<!-- This site is optimized with the Yoast SEO plugin v26.9 - https:\/\/yoast.com\/product\/yoast-seo-wordpress\/ -->\n<title>LIZA 800g gevogelte - Catlife<\/title>\n<meta name=\"robots\" content=\"index, follow, max-snippet:-1, max-image-preview:large, max-video-preview:-1\" \/>\n<link rel=\"canonical\" href=\"https:\/\/catlife.be\/fr\/produit\/liza-800g-gevogelte\/\" \/>\n<meta property=\"og:locale\" content=\"fr_FR\" \/>\n<meta property=\"og:type\" content=\"article\" \/>\n<meta property=\"og:title\" content=\"LIZA 800g gevogelte - Catlife\" \/>\n<meta property=\"og:description\" content=\"Gevogelte is zeer licht verteerbaar en een rijke bron aan eiwitten. Het bevat een gunstige hoeveelheid mineralen, vooral ijzer, fosfor, zink, natrium, kalium en vitamine B.\" \/>\n<meta property=\"og:url\" content=\"https:\/\/catlife.be\/fr\/produit\/liza-800g-gevogelte\/\" \/>\n<meta property=\"og:site_name\" content=\"Catlife\" \/>\n<meta property=\"article:modified_time\" content=\"2026-01-20T07:35:04+00:00\" \/>\n<meta name=\"twitter:card\" content=\"summary_large_image\" \/>\n<meta name=\"twitter:label1\" content=\"Est. reading time\" \/>\n\t<meta name=\"twitter:data1\" content=\"1 minute\" \/>\n<script type=\"application\/ld+json\" class=\"yoast-schema-graph\">{\"@context\":\"https:\/\/schema.org\",\"@graph\":[{\"@type\":\"WebPage\",\"@id\":\"https:\/\/catlife.be\/fr\/produit\/liza-800g-gevogelte\/\",\"url\":\"https:\/\/catlife.be\/fr\/produit\/liza-800g-gevogelte\/\",\"name\":\"LIZA 800g gevogelte - Catlife\",\"isPartOf\":{\"@id\":\"https:\/\/catlife.be\/fr\/#website\"},\"primaryImageOfPage\":{\"@id\":\"https:\/\/catlife.be\/fr\/produit\/liza-800g-gevogelte\/#primaryimage\"},\"image\":{\"@id\":\"https:\/\/catlife.be\/fr\/produit\/liza-800g-gevogelte\/#primaryimage\"},\"thumbnailUrl\":\"https:\/\/catlife.be\/wp-content\/uploads\/2025\/10\/LIZA_800g_gevogelte.png\",\"datePublished\":\"2025-10-08T17:47:42+00:00\",\"dateModified\":\"2026-01-20T07:35:04+00:00\",\"breadcrumb\":{\"@id\":\"https:\/\/catlife.be\/fr\/produit\/liza-800g-gevogelte\/#breadcrumb\"},\"inLanguage\":\"fr-FR\",\"potentialAction\":[{\"@type\":\"ReadAction\",\"target\":[\"https:\/\/catlife.be\/fr\/produit\/liza-800g-gevogelte\/\"]}]},{\"@type\":\"ImageObject\",\"inLanguage\":\"fr-FR\",\"@id\":\"https:\/\/catlife.be\/fr\/produit\/liza-800g-gevogelte\/#primaryimage\",\"url\":\"https:\/\/catlife.be\/wp-content\/uploads\/2025\/10\/LIZA_800g_gevogelte.png\",\"contentUrl\":\"https:\/\/catlife.be\/wp-content\/uploads\/2025\/10\/LIZA_800g_gevogelte.png\",\"width\":1080,\"height\":1080,\"caption\":\"LIZA 800g gevogelte\"},{\"@type\":\"BreadcrumbList\",\"@id\":\"https:\/\/catlife.be\/fr\/produit\/liza-800g-gevogelte\/#breadcrumb\",\"itemListElement\":[{\"@type\":\"ListItem\",\"position\":1,\"name\":\"Home\",\"item\":\"https:\/\/catlife.be\/fr\/\"},{\"@type\":\"ListItem\",\"position\":2,\"name\":\"Winkel\",\"item\":\"https:\/\/catlife.be\/winkel\/\"},{\"@type\":\"ListItem\",\"position\":3,\"name\":\"LIZA 800g gevogelte\"}]},{\"@type\":\"WebSite\",\"@id\":\"https:\/\/catlife.be\/fr\/#website\",\"url\":\"https:\/\/catlife.be\/fr\/\",\"name\":\"Catlife\",\"description\":\"\",\"publisher\":{\"@id\":\"https:\/\/catlife.be\/fr\/#organization\"},\"potentialAction\":[{\"@type\":\"SearchAction\",\"target\":{\"@type\":\"EntryPoint\",\"urlTemplate\":\"https:\/\/catlife.be\/fr\/?s={search_term_string}\"},\"query-input\":{\"@type\":\"PropertyValueSpecification\",\"valueRequired\":true,\"valueName\":\"search_term_string\"}}],\"inLanguage\":\"fr-FR\"},{\"@type\":\"Organization\",\"@id\":\"https:\/\/catlife.be\/fr\/#organization\",\"name\":\"Catlife\",\"url\":\"https:\/\/catlife.be\/fr\/\",\"logo\":{\"@type\":\"ImageObject\",\"inLanguage\":\"fr-FR\",\"@id\":\"https:\/\/catlife.be\/fr\/#\/schema\/logo\/image\/\",\"url\":\"https:\/\/catlife.be\/wp-content\/uploads\/2022\/07\/Catlife-transparent-ctverec.png\",\"contentUrl\":\"https:\/\/catlife.be\/wp-content\/uploads\/2022\/07\/Catlife-transparent-ctverec.png\",\"width\":821,\"height\":835,\"caption\":\"Catlife\"},\"image\":{\"@id\":\"https:\/\/catlife.be\/fr\/#\/schema\/logo\/image\/\"}}]}<\/script>\n<!-- \/ Yoast SEO plugin. -->","yoast_head_json":{"title":"LIZA 800g gevogelte - Catlife","robots":{"index":"index","follow":"follow","max-snippet":"max-snippet:-1","max-image-preview":"max-image-preview:large","max-video-preview":"max-video-preview:-1"},"canonical":"https:\/\/catlife.be\/fr\/produit\/liza-800g-gevogelte\/","og_locale":"fr_FR","og_type":"article","og_title":"LIZA 800g gevogelte - Catlife","og_description":"Gevogelte is zeer licht verteerbaar en een rijke bron aan eiwitten. Het bevat een gunstige hoeveelheid mineralen, vooral ijzer, fosfor, zink, natrium, kalium en vitamine B.","og_url":"https:\/\/catlife.be\/fr\/produit\/liza-800g-gevogelte\/","og_site_name":"Catlife","article_modified_time":"2026-01-20T07:35:04+00:00","twitter_card":"summary_large_image","twitter_misc":{"Est. reading time":"1 minute"},"schema":{"@context":"https:\/\/schema.org","@graph":[{"@type":"WebPage","@id":"https:\/\/catlife.be\/fr\/produit\/liza-800g-gevogelte\/","url":"https:\/\/catlife.be\/fr\/produit\/liza-800g-gevogelte\/","name":"LIZA 800g gevogelte - Catlife","isPartOf":{"@id":"https:\/\/catlife.be\/fr\/#website"},"primaryImageOfPage":{"@id":"https:\/\/catlife.be\/fr\/produit\/liza-800g-gevogelte\/#primaryimage"},"image":{"@id":"https:\/\/catlife.be\/fr\/produit\/liza-800g-gevogelte\/#primaryimage"},"thumbnailUrl":"https:\/\/catlife.be\/wp-content\/uploads\/2025\/10\/LIZA_800g_gevogelte.png","datePublished":"2025-10-08T17:47:42+00:00","dateModified":"2026-01-20T07:35:04+00:00","breadcrumb":{"@id":"https:\/\/catlife.be\/fr\/produit\/liza-800g-gevogelte\/#breadcrumb"},"inLanguage":"fr-FR","potentialAction":[{"@type":"ReadAction","target":["https:\/\/catlife.be\/fr\/produit\/liza-800g-gevogelte\/"]}]},{"@type":"ImageObject","inLanguage":"fr-FR","@id":"https:\/\/catlife.be\/fr\/produit\/liza-800g-gevogelte\/#primaryimage","url":"https:\/\/catlife.be\/wp-content\/uploads\/2025\/10\/LIZA_800g_gevogelte.png","contentUrl":"https:\/\/catlife.be\/wp-content\/uploads\/2025\/10\/LIZA_800g_gevogelte.png","width":1080,"height":1080,"caption":"LIZA 800g gevogelte"},{"@type":"BreadcrumbList","@id":"https:\/\/catlife.be\/fr\/produit\/liza-800g-gevogelte\/#breadcrumb","itemListElement":[{"@type":"ListItem","position":1,"name":"Home","item":"https:\/\/catlife.be\/fr\/"},{"@type":"ListItem","position":2,"name":"Winkel","item":"https:\/\/catlife.be\/winkel\/"},{"@type":"ListItem","position":3,"name":"LIZA 800g gevogelte"}]},{"@type":"WebSite","@id":"https:\/\/catlife.be\/fr\/#website","url":"https:\/\/catlife.be\/fr\/","name":"Catlife","description":"","publisher":{"@id":"https:\/\/catlife.be\/fr\/#organization"},"potentialAction":[{"@type":"SearchAction","target":{"@type":"EntryPoint","urlTemplate":"https:\/\/catlife.be\/fr\/?s={search_term_string}"},"query-input":{"@type":"PropertyValueSpecification","valueRequired":true,"valueName":"search_term_string"}}],"inLanguage":"fr-FR"},{"@type":"Organization","@id":"https:\/\/catlife.be\/fr\/#organization","name":"Catlife","url":"https:\/\/catlife.be\/fr\/","logo":{"@type":"ImageObject","inLanguage":"fr-FR","@id":"https:\/\/catlife.be\/fr\/#\/schema\/logo\/image\/","url":"https:\/\/catlife.be\/wp-content\/uploads\/2022\/07\/Catlife-transparent-ctverec.png","contentUrl":"https:\/\/catlife.be\/wp-content\/uploads\/2022\/07\/Catlife-transparent-ctverec.png","width":821,"height":835,"caption":"Catlife"},"image":{"@id":"https:\/\/catlife.be\/fr\/#\/schema\/logo\/image\/"}}]}},"_links":{"self":[{"href":"https:\/\/catlife.be\/fr\/wp-json\/wp\/v2\/product\/48985","targetHints":{"allow":["GET"]}}],"collection":[{"href":"https:\/\/catlife.be\/fr\/wp-json\/wp\/v2\/product"}],"about":[{"href":"https:\/\/catlife.be\/fr\/wp-json\/wp\/v2\/types\/product"}],"wp:featuredmedia":[{"embeddable":true,"href":"https:\/\/catlife.be\/fr\/wp-json\/wp\/v2\/media\/48948"}],"wp:attachment":[{"href":"https:\/\/catlife.be\/fr\/wp-json\/wp\/v2\/media?parent=48985"}],"wp:term":[{"taxonomy":"product_brand","embeddable":true,"href":"https:\/\/catlife.be\/fr\/wp-json\/wp\/v2\/product_brand?post=48985"},{"taxonomy":"product_cat","embeddable":true,"href":"https:\/\/catlife.be\/fr\/wp-json\/wp\/v2\/product_cat?post=48985"},{"taxonomy":"product_tag","embeddable":true,"href":"https:\/\/catlife.be\/fr\/wp-json\/wp\/v2\/product_tag?post=48985"}],"curies":[{"name":"wp","href":"https:\/\/api.w.org\/{rel}","templated":true}]}}