{"id":57642,"date":"2025-10-13T15:11:07","date_gmt":"2025-10-13T14:11:07","guid":{"rendered":"https:\/\/catlife.be\/product\/falco-cat-konijn-filet-120g\/"},"modified":"2026-01-21T18:55:50","modified_gmt":"2026-01-21T17:55:50","slug":"falco-cat-konijn-filet-120g","status":"publish","type":"product","link":"https:\/\/catlife.be\/es\/producto\/falco-cat-konijn-filet-120g\/","title":{"rendered":"FALCO CAT &#8211; konijn filet 120g"},"content":{"rendered":"<h1>Top quality &#8211; Mager hypoallergeen konijn spieren<\/h1>\n<p>Dit is spiervlees van de beste kwaliteit. Konijnenvlees is geschikt als complete voedingsbron vanwege de hoge verteerbaarheid, het lage cholesterol- en vetgehalte. De B-vitamines voeren de boventoon, met name B2, B6 en B12. B-vitamines zijn essenti\u00eble voedingsstoffen en spelen vooral een rol bij een goede werking van het bloed, het zenuwstelsel en het immuunsysteem.<\/p>\n<h2><b>Hypoallergeen!<\/b><\/h2>\n<p>Het valt op door zijn luxueuze en innovatieve uitstraling.<\/p>\n<p><span style=\"font-size: 1rem\">FALCO CAT blikvoer is geschikt voor alle leeftijden en alle rassen.<\/span><\/p>\n<p><span style=\"font-size: 1rem\">Het wordt vaak aanbevolen voor kleine rassen, puppy&#8217;s en kleinere honden.<\/span><\/p>\n<p><span style=\"font-size: 1rem\"><b>Voordelen van de FALCO CAT lijn:<\/b><\/span><\/p>\n<p><span style=\"font-size: 1rem\">100% spiervlees<\/span><\/p>\n<p><span style=\"font-size: 1rem\">Natuurlijk product<\/span><\/p>\n<p><span style=\"font-size: 1rem\">Luxe<\/span><\/p>\n<p><\/p>\n<p><b>Per portie<\/b><\/p>\n<p>Al onze producten zijn natuurlijk en vrij van kleurstoffen, aroma&#8217;s, conserveermiddelen, chemicali\u00ebn, granen, rijst of soja. De recepten zijn samengesteld door dierenarts en oprichter, MVDr. Ji\u0159\u00ed Sokol.<\/p>\n<p><span style=\"font-size: 1rem\">FALCO blikvoer is 3 jaar houdbaar. Na opening tot 7 dagen houdbaar in de koelkast.<\/span><\/p>\n<p><\/p>\n<p><b>Ingredi\u00ebnten:<\/b> konijnenfilet<\/p>\n<p><span style=\"font-size: 1rem\"><b>Analytische bestanddelen:<\/b> ruw eiwit 16%, ruw vet 11%, ruwe celstof 0,5%, ruwe as 2,5%, vocht 70%, hoog natuurlijk gehalte aan vitamines (A, E, D) en aminozuren (lysine, methionine, cystine)<\/span><\/p>\n","protected":false},"excerpt":{"rendered":"<p>Do you have real carnivores at home? This most luxurious line of canned meat contains 100% muscle meat. Treat your pets to true luxury in the form of rabbit fillet muscle meat.<\/p>\n","protected":false},"featured_media":57636,"template":"","meta":[],"product_brand":[1769],"product_cat":[1987,2015,2040],"product_tag":[],"class_list":{"0":"post-57642","1":"product","2":"type-product","3":"status-publish","4":"has-post-thumbnail","6":"product_brand-sokol-falco4","7":"product_cat-blikjes-katten_85","8":"product_cat-100vlees-stukjes-katten_87","9":"product_cat-eliminatie-dieet-kat_241","11":"first","12":"outofstock","13":"taxable","14":"shipping-taxable","15":"purchasable","16":"product-type-simple"},"yoast_head":"<!-- This site is optimized with the Yoast SEO plugin v26.9 - https:\/\/yoast.com\/product\/yoast-seo-wordpress\/ -->\n<title>FALCO CAT - konijn filet 120g - Catlife<\/title>\n<meta name=\"robots\" content=\"index, follow, max-snippet:-1, max-image-preview:large, max-video-preview:-1\" \/>\n<link rel=\"canonical\" href=\"https:\/\/catlife.be\/es\/producto\/falco-cat-konijn-filet-120g\/\" \/>\n<meta property=\"og:locale\" content=\"es_ES\" \/>\n<meta property=\"og:type\" content=\"article\" \/>\n<meta property=\"og:title\" content=\"FALCO CAT - konijn filet 120g - Catlife\" \/>\n<meta property=\"og:description\" content=\"Do you have real carnivores at home? This most luxurious line of canned meat contains 100% muscle meat. Treat your pets to true luxury in the form of rabbit fillet muscle meat.\" \/>\n<meta property=\"og:url\" content=\"https:\/\/catlife.be\/es\/producto\/falco-cat-konijn-filet-120g\/\" \/>\n<meta property=\"og:site_name\" content=\"Catlife\" \/>\n<meta property=\"article:modified_time\" content=\"2026-01-21T17:55:50+00:00\" \/>\n<meta property=\"og:image\" content=\"https:\/\/catlife.be\/wp-content\/uploads\/2025\/10\/FALCO_CAT_-_konijn_filet_120g.jpg\" \/>\n\t<meta property=\"og:image:width\" content=\"1200\" \/>\n\t<meta property=\"og:image:height\" content=\"1200\" \/>\n\t<meta property=\"og:image:type\" content=\"image\/jpeg\" \/>\n<meta name=\"twitter:card\" content=\"summary_large_image\" \/>\n<meta name=\"twitter:label1\" content=\"Est. reading time\" \/>\n\t<meta name=\"twitter:data1\" content=\"1 minute\" \/>\n<script type=\"application\/ld+json\" class=\"yoast-schema-graph\">{\"@context\":\"https:\/\/schema.org\",\"@graph\":[{\"@type\":\"WebPage\",\"@id\":\"https:\/\/catlife.be\/es\/producto\/falco-cat-konijn-filet-120g\/\",\"url\":\"https:\/\/catlife.be\/es\/producto\/falco-cat-konijn-filet-120g\/\",\"name\":\"FALCO CAT - konijn filet 120g - Catlife\",\"isPartOf\":{\"@id\":\"https:\/\/catlife.be\/es\/#website\"},\"primaryImageOfPage\":{\"@id\":\"https:\/\/catlife.be\/es\/producto\/falco-cat-konijn-filet-120g\/#primaryimage\"},\"image\":{\"@id\":\"https:\/\/catlife.be\/es\/producto\/falco-cat-konijn-filet-120g\/#primaryimage\"},\"thumbnailUrl\":\"https:\/\/catlife.be\/wp-content\/uploads\/2025\/10\/FALCO_CAT_-_konijn_filet_120g.jpg\",\"datePublished\":\"2025-10-13T14:11:07+00:00\",\"dateModified\":\"2026-01-21T17:55:50+00:00\",\"breadcrumb\":{\"@id\":\"https:\/\/catlife.be\/es\/producto\/falco-cat-konijn-filet-120g\/#breadcrumb\"},\"inLanguage\":\"es-ES\",\"potentialAction\":[{\"@type\":\"ReadAction\",\"target\":[\"https:\/\/catlife.be\/es\/producto\/falco-cat-konijn-filet-120g\/\"]}]},{\"@type\":\"ImageObject\",\"inLanguage\":\"es-ES\",\"@id\":\"https:\/\/catlife.be\/es\/producto\/falco-cat-konijn-filet-120g\/#primaryimage\",\"url\":\"https:\/\/catlife.be\/wp-content\/uploads\/2025\/10\/FALCO_CAT_-_konijn_filet_120g.jpg\",\"contentUrl\":\"https:\/\/catlife.be\/wp-content\/uploads\/2025\/10\/FALCO_CAT_-_konijn_filet_120g.jpg\",\"width\":1200,\"height\":1200,\"caption\":\"FALCO CAT - konijn filet 120g\"},{\"@type\":\"BreadcrumbList\",\"@id\":\"https:\/\/catlife.be\/es\/producto\/falco-cat-konijn-filet-120g\/#breadcrumb\",\"itemListElement\":[{\"@type\":\"ListItem\",\"position\":1,\"name\":\"Home\",\"item\":\"https:\/\/catlife.be\/es\/\"},{\"@type\":\"ListItem\",\"position\":2,\"name\":\"Winkel\",\"item\":\"https:\/\/catlife.be\/winkel\/\"},{\"@type\":\"ListItem\",\"position\":3,\"name\":\"FALCO CAT &#8211; konijn filet 120g\"}]},{\"@type\":\"WebSite\",\"@id\":\"https:\/\/catlife.be\/es\/#website\",\"url\":\"https:\/\/catlife.be\/es\/\",\"name\":\"Catlife\",\"description\":\"\",\"publisher\":{\"@id\":\"https:\/\/catlife.be\/es\/#organization\"},\"potentialAction\":[{\"@type\":\"SearchAction\",\"target\":{\"@type\":\"EntryPoint\",\"urlTemplate\":\"https:\/\/catlife.be\/es\/?s={search_term_string}\"},\"query-input\":{\"@type\":\"PropertyValueSpecification\",\"valueRequired\":true,\"valueName\":\"search_term_string\"}}],\"inLanguage\":\"es-ES\"},{\"@type\":\"Organization\",\"@id\":\"https:\/\/catlife.be\/es\/#organization\",\"name\":\"Catlife\",\"url\":\"https:\/\/catlife.be\/es\/\",\"logo\":{\"@type\":\"ImageObject\",\"inLanguage\":\"es-ES\",\"@id\":\"https:\/\/catlife.be\/es\/#\/schema\/logo\/image\/\",\"url\":\"https:\/\/catlife.be\/wp-content\/uploads\/2022\/07\/Catlife-transparent-ctverec.png\",\"contentUrl\":\"https:\/\/catlife.be\/wp-content\/uploads\/2022\/07\/Catlife-transparent-ctverec.png\",\"width\":821,\"height\":835,\"caption\":\"Catlife\"},\"image\":{\"@id\":\"https:\/\/catlife.be\/es\/#\/schema\/logo\/image\/\"}}]}<\/script>\n<!-- \/ Yoast SEO plugin. -->","yoast_head_json":{"title":"FALCO CAT - konijn filet 120g - Catlife","robots":{"index":"index","follow":"follow","max-snippet":"max-snippet:-1","max-image-preview":"max-image-preview:large","max-video-preview":"max-video-preview:-1"},"canonical":"https:\/\/catlife.be\/es\/producto\/falco-cat-konijn-filet-120g\/","og_locale":"es_ES","og_type":"article","og_title":"FALCO CAT - konijn filet 120g - Catlife","og_description":"Do you have real carnivores at home? This most luxurious line of canned meat contains 100% muscle meat. Treat your pets to true luxury in the form of rabbit fillet muscle meat.","og_url":"https:\/\/catlife.be\/es\/producto\/falco-cat-konijn-filet-120g\/","og_site_name":"Catlife","article_modified_time":"2026-01-21T17:55:50+00:00","og_image":[{"width":1200,"height":1200,"url":"https:\/\/catlife.be\/wp-content\/uploads\/2025\/10\/FALCO_CAT_-_konijn_filet_120g.jpg","type":"image\/jpeg"}],"twitter_card":"summary_large_image","twitter_misc":{"Est. reading time":"1 minute"},"schema":{"@context":"https:\/\/schema.org","@graph":[{"@type":"WebPage","@id":"https:\/\/catlife.be\/es\/producto\/falco-cat-konijn-filet-120g\/","url":"https:\/\/catlife.be\/es\/producto\/falco-cat-konijn-filet-120g\/","name":"FALCO CAT - konijn filet 120g - Catlife","isPartOf":{"@id":"https:\/\/catlife.be\/es\/#website"},"primaryImageOfPage":{"@id":"https:\/\/catlife.be\/es\/producto\/falco-cat-konijn-filet-120g\/#primaryimage"},"image":{"@id":"https:\/\/catlife.be\/es\/producto\/falco-cat-konijn-filet-120g\/#primaryimage"},"thumbnailUrl":"https:\/\/catlife.be\/wp-content\/uploads\/2025\/10\/FALCO_CAT_-_konijn_filet_120g.jpg","datePublished":"2025-10-13T14:11:07+00:00","dateModified":"2026-01-21T17:55:50+00:00","breadcrumb":{"@id":"https:\/\/catlife.be\/es\/producto\/falco-cat-konijn-filet-120g\/#breadcrumb"},"inLanguage":"es-ES","potentialAction":[{"@type":"ReadAction","target":["https:\/\/catlife.be\/es\/producto\/falco-cat-konijn-filet-120g\/"]}]},{"@type":"ImageObject","inLanguage":"es-ES","@id":"https:\/\/catlife.be\/es\/producto\/falco-cat-konijn-filet-120g\/#primaryimage","url":"https:\/\/catlife.be\/wp-content\/uploads\/2025\/10\/FALCO_CAT_-_konijn_filet_120g.jpg","contentUrl":"https:\/\/catlife.be\/wp-content\/uploads\/2025\/10\/FALCO_CAT_-_konijn_filet_120g.jpg","width":1200,"height":1200,"caption":"FALCO CAT - konijn filet 120g"},{"@type":"BreadcrumbList","@id":"https:\/\/catlife.be\/es\/producto\/falco-cat-konijn-filet-120g\/#breadcrumb","itemListElement":[{"@type":"ListItem","position":1,"name":"Home","item":"https:\/\/catlife.be\/es\/"},{"@type":"ListItem","position":2,"name":"Winkel","item":"https:\/\/catlife.be\/winkel\/"},{"@type":"ListItem","position":3,"name":"FALCO CAT &#8211; konijn filet 120g"}]},{"@type":"WebSite","@id":"https:\/\/catlife.be\/es\/#website","url":"https:\/\/catlife.be\/es\/","name":"Catlife","description":"","publisher":{"@id":"https:\/\/catlife.be\/es\/#organization"},"potentialAction":[{"@type":"SearchAction","target":{"@type":"EntryPoint","urlTemplate":"https:\/\/catlife.be\/es\/?s={search_term_string}"},"query-input":{"@type":"PropertyValueSpecification","valueRequired":true,"valueName":"search_term_string"}}],"inLanguage":"es-ES"},{"@type":"Organization","@id":"https:\/\/catlife.be\/es\/#organization","name":"Catlife","url":"https:\/\/catlife.be\/es\/","logo":{"@type":"ImageObject","inLanguage":"es-ES","@id":"https:\/\/catlife.be\/es\/#\/schema\/logo\/image\/","url":"https:\/\/catlife.be\/wp-content\/uploads\/2022\/07\/Catlife-transparent-ctverec.png","contentUrl":"https:\/\/catlife.be\/wp-content\/uploads\/2022\/07\/Catlife-transparent-ctverec.png","width":821,"height":835,"caption":"Catlife"},"image":{"@id":"https:\/\/catlife.be\/es\/#\/schema\/logo\/image\/"}}]}},"_links":{"self":[{"href":"https:\/\/catlife.be\/es\/wp-json\/wp\/v2\/product\/57642","targetHints":{"allow":["GET"]}}],"collection":[{"href":"https:\/\/catlife.be\/es\/wp-json\/wp\/v2\/product"}],"about":[{"href":"https:\/\/catlife.be\/es\/wp-json\/wp\/v2\/types\/product"}],"wp:featuredmedia":[{"embeddable":true,"href":"https:\/\/catlife.be\/es\/wp-json\/wp\/v2\/media\/57636"}],"wp:attachment":[{"href":"https:\/\/catlife.be\/es\/wp-json\/wp\/v2\/media?parent=57642"}],"wp:term":[{"taxonomy":"product_brand","embeddable":true,"href":"https:\/\/catlife.be\/es\/wp-json\/wp\/v2\/product_brand?post=57642"},{"taxonomy":"product_cat","embeddable":true,"href":"https:\/\/catlife.be\/es\/wp-json\/wp\/v2\/product_cat?post=57642"},{"taxonomy":"product_tag","embeddable":true,"href":"https:\/\/catlife.be\/es\/wp-json\/wp\/v2\/product_tag?post=57642"}],"curies":[{"name":"wp","href":"https:\/\/api.w.org\/{rel}","templated":true}]}}