{"id":56662,"date":"2025-10-08T22:40:52","date_gmt":"2025-10-08T21:40:52","guid":{"rendered":"https:\/\/catlife.be\/product\/markus-muhle-beutenah-kip-kattenvoer-koudgeperst\/"},"modified":"2026-01-07T13:57:56","modified_gmt":"2026-01-07T12:57:56","slug":"markus-muhle-beutenah-kip-kattenvoer-koudgeperst","status":"publish","type":"product","link":"https:\/\/catlife.be\/es\/producto\/markus-muhle-beutenah-kip-kattenvoer-koudgeperst\/","title":{"rendered":"BEUTENAH Kip kattenvoer Koudgeperst\u00ae"},"content":{"rendered":"<h2>Volledige voeding voor volwassen katten<\/h2>\n<p><\/p>\n<p><b>BEUTENAH &#8211; De buit in de zak\u00a0<\/b><\/p>\n<p><\/p>\n<p>Katten zijn roofdieren en geven de voorkeur aan zelfs kleine prooien op hun dagelijkse menu. Dit feit heeft ons ertoe aangezet om, na jarenlange intensieve ontwikkeling en met onze knowhow, nu ook een soortspecifiek droogvoer voor katten te produceren met behulp van een speciaal proces waarbij de voedingsstoffen behouden blijven\u00a0 .<\/p>\n<p><\/p>\n<p>Wij hebben ons laten inspireren door de natuur en ons recept gebaseerd op natuurlijke prooien: soortspecifieke ingredi\u00ebnten in droogvoer met een uitzonderlijk hoog eiwitgehalte en bijzonder weinig koolhydraten. In natuurlijke prooien vindt een kat alle voedingsstoffen die zij nodig heeft om gezond te leven, iets wat mensen in onze tijd helaas maar al te vaak vergeten.<\/p>\n<p><\/p>\n<h2>Dit is wat er binnenin zit:<\/h2>\n<h2>Samenstelling:<\/h2>\n<p>Gedroogd kippenvlees gemalen 75%, pluimveevet, gedroogde en gemalen lever, witte visolie, gemalen eierschalen, gedroogde en gemalen kruiden, psyllium, bietenpulp, hennepolie, gedroogde en gemalen cichorei, mosselvleesextract van Perna Canaliculus<\/p>\n<p><\/p>\n<p><b>Analytische bestanddelen:<\/b><\/p>\n<p>Ruw eiwit 59%, ruw vet 16%, ruwe celstof 3,2%, ruwe as 8,2%, calcium 1,1%, fosfor 0,9%, natrium 0,56%<\/p>\n<p>Voedingssupplementen per kg:<\/p>\n<p>vitaminen, provitaminen en soortgelijke stoffen\u00a0<\/p>\n<p>Vitamine 15.000 IE, vitamine D3 1.440 IE, vitamine E 100 mg, taurine 2.000 mg, vitamine B1 3,6 mg, vitamine B2 als riboflavine 2,9 mg, vitamine B6 als pyridoxinehydrochloride 2,9 mg, vitamine B12 14,5 mcg, biotine 100 mcg, foliumzuur 0,6 mg, niacine 36 mg, calcium-D-pantothenaat 12 mg, cholinechloride 2.600 mg<\/p>\n<p><\/p>\n<p><b>Sporenelementen<\/b><\/p>\n<p>Aminozuur mangaanchelaat, hydraat 20 mg Aminozuur koperchelaat, hydraat 9 mg Aminozuur zinkchelaat, hydraat<\/p>\n<p><\/p>\n<p><b>Voedingsadvies<\/b><\/p>\n<p>Voor katten (dagelijks):<\/p>\n<p><\/p>\n<p><\/p>\n<p><b>Lichaamsgewicht<span>\t<\/span>Hoeveelheid voer<\/b><\/p>\n<p>2-4kg<span>\t<\/span>\u00a0 \u00a0 \u00a0 \u00a0 \u00a0 \u00a0 \u00a0 \u00a0 \u00a0 \u00a0 \u00a0 \u00a035 &#8211; 65 gram<\/p>\n<p>4 &#8211; 6 kg<span>\t<\/span>\u00a0 \u00a0 \u00a0 \u00a0 \u00a0 \u00a0 \u00a0 \u00a0 \u00a0 \u00a0 \u00a0 \u00a065 &#8211; 100 gram<\/p>\n<p>6 &#8211; 8 kg<span>\t<\/span>\u00a0 \u00a0 \u00a0 \u00a0 \u00a0 \u00a0 \u00a0 \u00a0 \u00a0 \u00a0 \u00a0 \u00a0100 &#8211; 130 gram<\/p>\n<p><\/p>\n<p>Onze informatie is slechts een richtlijn voor een evenwichtige voeding die aansluit bij de behoeften van uw kat. Hoewel deze instructies zijn opgesteld op basis van de laatste wetenschappelijke inzichten voor kattenvoer dat is geproduceerd met een zorgvuldig gebruik van essenti\u00eble voedingsstoffen, dienen ze toch absoluut te worden aangepast aan de individuele behoeften van de kat. Met \u00e9\u00e9n enkele grammeting kunt u onmogelijk recht doen aan alle individuele verschillen en omstandigheden, zoals ras, leeftijd en grootte van de kat, trainingsprestaties, omgevingsinvloeden, etc.<\/p>\n<p> Vers water moet altijd beschikbaar zijn.<\/p>\n<p><\/p>\n<p>Bewaar op een koele, droge plaats.<\/p>\n","protected":false},"excerpt":{"rendered":"<p>Bent u ooit op zoek geweest naar voer voor uw kat dat op zijn prooi lijkt? DAN IS DAT EINDELIJK ER. Het hoogste eiwitgehalte op de markt (98%) maakt deze voeding uniek en een favoriet voer voor katten, dat ze graag en langdurig zullen eten. Het koudgeperste granulaat van BEUTENAH behaalde de beste resultaten in een vergelijkende test met de beste kattenvoeders. Uw kat zal niet alleen gezond zijn, maar nadat u hem\/haar BEUTENAH-korrels heeft gegeven, zal hij\/zij ook een prachtige vacht, gezonde klauwen en een regelmatige, gezonde ontlasting hebben.<\/p>\n","protected":false},"featured_media":60752,"template":"","meta":[],"product_brand":[1777],"product_cat":[1999,1990],"product_tag":[],"class_list":{"0":"post-56662","1":"product","2":"type-product","3":"status-publish","4":"has-post-thumbnail","6":"product_brand-markus-muhle13","7":"product_cat-korrels-katten_3","8":"product_cat-markus-mhle_238","10":"first","11":"instock","12":"taxable","13":"shipping-taxable","14":"purchasable","15":"product-type-variable"},"yoast_head":"<!-- This site is optimized with the Yoast SEO plugin v26.9 - https:\/\/yoast.com\/product\/yoast-seo-wordpress\/ -->\n<title>BEUTENAH Kip kattenvoer Koudgeperst\u00ae - Catlife<\/title>\n<meta name=\"robots\" content=\"index, follow, max-snippet:-1, max-image-preview:large, max-video-preview:-1\" \/>\n<link rel=\"canonical\" href=\"https:\/\/catlife.be\/es\/producto\/markus-muhle-beutenah-kip-kattenvoer-koudgeperst\/\" \/>\n<meta property=\"og:locale\" content=\"es_ES\" \/>\n<meta property=\"og:type\" content=\"article\" \/>\n<meta property=\"og:title\" content=\"BEUTENAH Kip kattenvoer Koudgeperst\u00ae - Catlife\" \/>\n<meta property=\"og:description\" content=\"Bent u ooit op zoek geweest naar voer voor uw kat dat op zijn prooi lijkt? DAN IS DAT EINDELIJK ER. Het hoogste eiwitgehalte op de markt (98%) maakt deze voeding uniek en een favoriet voer voor katten, dat ze graag en langdurig zullen eten. Het koudgeperste granulaat van BEUTENAH behaalde de beste resultaten in een vergelijkende test met de beste kattenvoeders. Uw kat zal niet alleen gezond zijn, maar nadat u hem\/haar BEUTENAH-korrels heeft gegeven, zal hij\/zij ook een prachtige vacht, gezonde klauwen en een regelmatige, gezonde ontlasting hebben.\" \/>\n<meta property=\"og:url\" content=\"https:\/\/catlife.be\/es\/producto\/markus-muhle-beutenah-kip-kattenvoer-koudgeperst\/\" \/>\n<meta property=\"og:site_name\" content=\"Catlife\" \/>\n<meta property=\"article:modified_time\" content=\"2026-01-07T12:57:56+00:00\" \/>\n<meta property=\"og:image\" content=\"https:\/\/catlife.be\/wp-content\/uploads\/2025\/10\/Markus-Mhle_BEUTENAH_Kip_kattenvoer_Koudgeperst.webp\" \/>\n\t<meta property=\"og:image:width\" content=\"1200\" \/>\n\t<meta property=\"og:image:height\" content=\"1200\" \/>\n\t<meta property=\"og:image:type\" content=\"image\/webp\" \/>\n<meta name=\"twitter:card\" content=\"summary_large_image\" \/>\n<meta name=\"twitter:label1\" content=\"Est. reading time\" \/>\n\t<meta name=\"twitter:data1\" content=\"2 minutes\" \/>\n<script type=\"application\/ld+json\" class=\"yoast-schema-graph\">{\"@context\":\"https:\/\/schema.org\",\"@graph\":[{\"@type\":\"WebPage\",\"@id\":\"https:\/\/catlife.be\/es\/producto\/markus-muhle-beutenah-kip-kattenvoer-koudgeperst\/\",\"url\":\"https:\/\/catlife.be\/es\/producto\/markus-muhle-beutenah-kip-kattenvoer-koudgeperst\/\",\"name\":\"BEUTENAH Kip kattenvoer Koudgeperst\u00ae - Catlife\",\"isPartOf\":{\"@id\":\"https:\/\/catlife.be\/es\/#website\"},\"primaryImageOfPage\":{\"@id\":\"https:\/\/catlife.be\/es\/producto\/markus-muhle-beutenah-kip-kattenvoer-koudgeperst\/#primaryimage\"},\"image\":{\"@id\":\"https:\/\/catlife.be\/es\/producto\/markus-muhle-beutenah-kip-kattenvoer-koudgeperst\/#primaryimage\"},\"thumbnailUrl\":\"https:\/\/catlife.be\/wp-content\/uploads\/2026\/01\/beutenah_kip_kattenvoer_koudgeperst_2620.webp\",\"datePublished\":\"2025-10-08T21:40:52+00:00\",\"dateModified\":\"2026-01-07T12:57:56+00:00\",\"breadcrumb\":{\"@id\":\"https:\/\/catlife.be\/es\/producto\/markus-muhle-beutenah-kip-kattenvoer-koudgeperst\/#breadcrumb\"},\"inLanguage\":\"es-ES\",\"potentialAction\":[{\"@type\":\"ReadAction\",\"target\":[\"https:\/\/catlife.be\/es\/producto\/markus-muhle-beutenah-kip-kattenvoer-koudgeperst\/\"]}]},{\"@type\":\"ImageObject\",\"inLanguage\":\"es-ES\",\"@id\":\"https:\/\/catlife.be\/es\/producto\/markus-muhle-beutenah-kip-kattenvoer-koudgeperst\/#primaryimage\",\"url\":\"https:\/\/catlife.be\/wp-content\/uploads\/2026\/01\/beutenah_kip_kattenvoer_koudgeperst_2620.webp\",\"contentUrl\":\"https:\/\/catlife.be\/wp-content\/uploads\/2026\/01\/beutenah_kip_kattenvoer_koudgeperst_2620.webp\",\"width\":1200,\"height\":1200,\"caption\":\"BEUTENAH Kip kattenvoer Koudgeperst\u00ae\"},{\"@type\":\"BreadcrumbList\",\"@id\":\"https:\/\/catlife.be\/es\/producto\/markus-muhle-beutenah-kip-kattenvoer-koudgeperst\/#breadcrumb\",\"itemListElement\":[{\"@type\":\"ListItem\",\"position\":1,\"name\":\"Home\",\"item\":\"https:\/\/catlife.be\/es\/\"},{\"@type\":\"ListItem\",\"position\":2,\"name\":\"Winkel\",\"item\":\"https:\/\/catlife.be\/winkel\/\"},{\"@type\":\"ListItem\",\"position\":3,\"name\":\"BEUTENAH Kip kattenvoer Koudgeperst\u00ae\"}]},{\"@type\":\"WebSite\",\"@id\":\"https:\/\/catlife.be\/es\/#website\",\"url\":\"https:\/\/catlife.be\/es\/\",\"name\":\"Catlife\",\"description\":\"\",\"publisher\":{\"@id\":\"https:\/\/catlife.be\/es\/#organization\"},\"potentialAction\":[{\"@type\":\"SearchAction\",\"target\":{\"@type\":\"EntryPoint\",\"urlTemplate\":\"https:\/\/catlife.be\/es\/?s={search_term_string}\"},\"query-input\":{\"@type\":\"PropertyValueSpecification\",\"valueRequired\":true,\"valueName\":\"search_term_string\"}}],\"inLanguage\":\"es-ES\"},{\"@type\":\"Organization\",\"@id\":\"https:\/\/catlife.be\/es\/#organization\",\"name\":\"Catlife\",\"url\":\"https:\/\/catlife.be\/es\/\",\"logo\":{\"@type\":\"ImageObject\",\"inLanguage\":\"es-ES\",\"@id\":\"https:\/\/catlife.be\/es\/#\/schema\/logo\/image\/\",\"url\":\"https:\/\/catlife.be\/wp-content\/uploads\/2022\/07\/Catlife-transparent-ctverec.png\",\"contentUrl\":\"https:\/\/catlife.be\/wp-content\/uploads\/2022\/07\/Catlife-transparent-ctverec.png\",\"width\":821,\"height\":835,\"caption\":\"Catlife\"},\"image\":{\"@id\":\"https:\/\/catlife.be\/es\/#\/schema\/logo\/image\/\"}}]}<\/script>\n<!-- \/ Yoast SEO plugin. -->","yoast_head_json":{"title":"BEUTENAH Kip kattenvoer Koudgeperst\u00ae - Catlife","robots":{"index":"index","follow":"follow","max-snippet":"max-snippet:-1","max-image-preview":"max-image-preview:large","max-video-preview":"max-video-preview:-1"},"canonical":"https:\/\/catlife.be\/es\/producto\/markus-muhle-beutenah-kip-kattenvoer-koudgeperst\/","og_locale":"es_ES","og_type":"article","og_title":"BEUTENAH Kip kattenvoer Koudgeperst\u00ae - Catlife","og_description":"Bent u ooit op zoek geweest naar voer voor uw kat dat op zijn prooi lijkt? DAN IS DAT EINDELIJK ER. Het hoogste eiwitgehalte op de markt (98%) maakt deze voeding uniek en een favoriet voer voor katten, dat ze graag en langdurig zullen eten. Het koudgeperste granulaat van BEUTENAH behaalde de beste resultaten in een vergelijkende test met de beste kattenvoeders. Uw kat zal niet alleen gezond zijn, maar nadat u hem\/haar BEUTENAH-korrels heeft gegeven, zal hij\/zij ook een prachtige vacht, gezonde klauwen en een regelmatige, gezonde ontlasting hebben.","og_url":"https:\/\/catlife.be\/es\/producto\/markus-muhle-beutenah-kip-kattenvoer-koudgeperst\/","og_site_name":"Catlife","article_modified_time":"2026-01-07T12:57:56+00:00","og_image":[{"width":1200,"height":1200,"url":"https:\/\/catlife.be\/wp-content\/uploads\/2025\/10\/Markus-Mhle_BEUTENAH_Kip_kattenvoer_Koudgeperst.webp","type":"image\/webp"}],"twitter_card":"summary_large_image","twitter_misc":{"Est. reading time":"2 minutes"},"schema":{"@context":"https:\/\/schema.org","@graph":[{"@type":"WebPage","@id":"https:\/\/catlife.be\/es\/producto\/markus-muhle-beutenah-kip-kattenvoer-koudgeperst\/","url":"https:\/\/catlife.be\/es\/producto\/markus-muhle-beutenah-kip-kattenvoer-koudgeperst\/","name":"BEUTENAH Kip kattenvoer Koudgeperst\u00ae - Catlife","isPartOf":{"@id":"https:\/\/catlife.be\/es\/#website"},"primaryImageOfPage":{"@id":"https:\/\/catlife.be\/es\/producto\/markus-muhle-beutenah-kip-kattenvoer-koudgeperst\/#primaryimage"},"image":{"@id":"https:\/\/catlife.be\/es\/producto\/markus-muhle-beutenah-kip-kattenvoer-koudgeperst\/#primaryimage"},"thumbnailUrl":"https:\/\/catlife.be\/wp-content\/uploads\/2026\/01\/beutenah_kip_kattenvoer_koudgeperst_2620.webp","datePublished":"2025-10-08T21:40:52+00:00","dateModified":"2026-01-07T12:57:56+00:00","breadcrumb":{"@id":"https:\/\/catlife.be\/es\/producto\/markus-muhle-beutenah-kip-kattenvoer-koudgeperst\/#breadcrumb"},"inLanguage":"es-ES","potentialAction":[{"@type":"ReadAction","target":["https:\/\/catlife.be\/es\/producto\/markus-muhle-beutenah-kip-kattenvoer-koudgeperst\/"]}]},{"@type":"ImageObject","inLanguage":"es-ES","@id":"https:\/\/catlife.be\/es\/producto\/markus-muhle-beutenah-kip-kattenvoer-koudgeperst\/#primaryimage","url":"https:\/\/catlife.be\/wp-content\/uploads\/2026\/01\/beutenah_kip_kattenvoer_koudgeperst_2620.webp","contentUrl":"https:\/\/catlife.be\/wp-content\/uploads\/2026\/01\/beutenah_kip_kattenvoer_koudgeperst_2620.webp","width":1200,"height":1200,"caption":"BEUTENAH Kip kattenvoer Koudgeperst\u00ae"},{"@type":"BreadcrumbList","@id":"https:\/\/catlife.be\/es\/producto\/markus-muhle-beutenah-kip-kattenvoer-koudgeperst\/#breadcrumb","itemListElement":[{"@type":"ListItem","position":1,"name":"Home","item":"https:\/\/catlife.be\/es\/"},{"@type":"ListItem","position":2,"name":"Winkel","item":"https:\/\/catlife.be\/winkel\/"},{"@type":"ListItem","position":3,"name":"BEUTENAH Kip kattenvoer Koudgeperst\u00ae"}]},{"@type":"WebSite","@id":"https:\/\/catlife.be\/es\/#website","url":"https:\/\/catlife.be\/es\/","name":"Catlife","description":"","publisher":{"@id":"https:\/\/catlife.be\/es\/#organization"},"potentialAction":[{"@type":"SearchAction","target":{"@type":"EntryPoint","urlTemplate":"https:\/\/catlife.be\/es\/?s={search_term_string}"},"query-input":{"@type":"PropertyValueSpecification","valueRequired":true,"valueName":"search_term_string"}}],"inLanguage":"es-ES"},{"@type":"Organization","@id":"https:\/\/catlife.be\/es\/#organization","name":"Catlife","url":"https:\/\/catlife.be\/es\/","logo":{"@type":"ImageObject","inLanguage":"es-ES","@id":"https:\/\/catlife.be\/es\/#\/schema\/logo\/image\/","url":"https:\/\/catlife.be\/wp-content\/uploads\/2022\/07\/Catlife-transparent-ctverec.png","contentUrl":"https:\/\/catlife.be\/wp-content\/uploads\/2022\/07\/Catlife-transparent-ctverec.png","width":821,"height":835,"caption":"Catlife"},"image":{"@id":"https:\/\/catlife.be\/es\/#\/schema\/logo\/image\/"}}]}},"_links":{"self":[{"href":"https:\/\/catlife.be\/es\/wp-json\/wp\/v2\/product\/56662","targetHints":{"allow":["GET"]}}],"collection":[{"href":"https:\/\/catlife.be\/es\/wp-json\/wp\/v2\/product"}],"about":[{"href":"https:\/\/catlife.be\/es\/wp-json\/wp\/v2\/types\/product"}],"wp:featuredmedia":[{"embeddable":true,"href":"https:\/\/catlife.be\/es\/wp-json\/wp\/v2\/media\/60752"}],"wp:attachment":[{"href":"https:\/\/catlife.be\/es\/wp-json\/wp\/v2\/media?parent=56662"}],"wp:term":[{"taxonomy":"product_brand","embeddable":true,"href":"https:\/\/catlife.be\/es\/wp-json\/wp\/v2\/product_brand?post=56662"},{"taxonomy":"product_cat","embeddable":true,"href":"https:\/\/catlife.be\/es\/wp-json\/wp\/v2\/product_cat?post=56662"},{"taxonomy":"product_tag","embeddable":true,"href":"https:\/\/catlife.be\/es\/wp-json\/wp\/v2\/product_tag?post=56662"}],"curies":[{"name":"wp","href":"https:\/\/api.w.org\/{rel}","templated":true}]}}