{"id":49587,"date":"2025-10-08T19:04:47","date_gmt":"2025-10-08T18:04:47","guid":{"rendered":"https:\/\/catlife.be\/product\/farmka-cat-met-lever-400gr-800gr\/"},"modified":"2026-04-16T08:56:58","modified_gmt":"2026-04-16T07:56:58","slug":"farmka-cat-met-lever-400gr-800gr","status":"publish","type":"product","link":"https:\/\/catlife.be\/es\/producto\/farmka-cat-met-lever-400gr-800gr\/","title":{"rendered":"FARMKA CAT met lever 400gr &#8211; 800gr"},"content":{"rendered":"<div class=\"elementor-element elementor-element-586fa40 elementor-show-heading-yes elementor-widget elementor-widget-woocommerce-product-additional-information\" data-id=\"586fa40\" data-element_type=\"widget\" data-widget_type=\"woocommerce-product-additional-information.default\" style=\"--flex-direction: initial;--flex-wrap: initial;--justify-content: initial;--align-items: initial;--align-content: initial;--gap: initial;--flex-basis: initial;--flex-grow: initial;--flex-shrink: initial;--order: initial;--align-self: initial;align-self: var(--align-self);flex-basis: var(--flex-basis);flex-grow: var(--flex-grow);flex-shrink: var(--flex-shrink);align-content: var(--align-content);align-items: var(--align-items);flex-direction: var(--flex-direction);flex-wrap: var(--flex-wrap);gap: var(--row-gap) var(--column-gap);justify-content: var(--justify-content);position: relative;--widgets-spacing: 20px 20px;--widgets-spacing-row: 20px;--widgets-spacing-column: 20px;--swiper-theme-color: #000;--swiper-navigation-size: 44px;--swiper-pagination-bullet-size: 6px;--swiper-pagination-bullet-horizontal-gap: 6px;width: 1030px;margin-bottom: var(--kit-widget-spacing,20px);margin-block-end: 20px;font-family: Lato, sans-serif;font-size: 16px\"><\/div>\n<div class=\"elementor-element elementor-element-c597157 elementor-widget elementor-widget-woocommerce-product-content\" data-id=\"c597157\" data-element_type=\"widget\" data-widget_type=\"woocommerce-product-content.default\" style=\"--flex-direction: initial;--flex-wrap: initial;--justify-content: initial;--align-items: initial;--align-content: initial;--gap: initial;--flex-basis: initial;--flex-grow: initial;--flex-shrink: initial;--order: initial;--align-self: initial;align-self: var(--align-self);flex-basis: var(--flex-basis);flex-grow: var(--flex-grow);flex-shrink: var(--flex-shrink);align-content: var(--align-content);align-items: var(--align-items);flex-direction: var(--flex-direction);flex-wrap: var(--flex-wrap);gap: var(--row-gap) var(--column-gap);justify-content: var(--justify-content);position: relative;--widgets-spacing: 20px 20px;--widgets-spacing-row: 20px;--widgets-spacing-column: 20px;--swiper-theme-color: #000;--swiper-navigation-size: 44px;--swiper-pagination-bullet-size: 6px;--swiper-pagination-bullet-horizontal-gap: 6px;color: var( --e-global-color-text );font-family: Lato, sans-serif;width: 1030px;font-size: 16px\">\n<div class=\"elementor-widget-container\">\n<div class=\"product\" style=\"margin-bottom: 0px;position: relative\">\n<p style=\"margin-bottom: 0.9rem\">\u00a0<\/p>\n<h2 class=\"h2\" style=\"margin-right: 0px;margin-bottom: 1.875rem;margin-left: 0px;font-weight: 700;line-height: 1.1875;padding: 0px;text-transform: uppercase;font-family: Anton, Helvetica, Arial, sans-serif;letter-spacing: 0.5px\"><font style=\"vertical-align: inherit\">FARMKA KAT met lever 400g-800g<\/font><\/h2>\n<div class=\"text text--1 color__brand--2\" style=\"line-height: 1.5;margin-bottom: 1.875rem;font-family: Roboto, Helvetica, Arial, sans-serif\">\n<p><span style=\"font-size: 11pt\"><span style=\"line-height: 15.6933px\"><span style=\"font-family: Calibri, sans-serif\"><span style=\"font-size: 12pt\"><span style=\"line-height: 17.12px\">Lever is biologisch gezien zeer waardevol en voedzaam. Ze bevatten een hoge concentratie sporenelementen en vitamine A, B, E in natuurlijke vorm, die zorgen voor een gezonde beweging.<\/span><\/span><\/span><\/span><\/span><\/p>\n<p><span style=\"font-size: 11pt\"><span style=\"line-height: 15.6933px\"><span style=\"font-family: Calibri, sans-serif\"><span style=\"font-size: 12pt\"><span style=\"line-height: 17.12px\">In \u00e9\u00e9n blik vindt u een uitgebalanceerde verhouding van vitaminen, mineralen en waardevolle stoffen, dankzij de combinatie van vlees en orgaanvlees.<\/span><\/span><\/span><\/span><\/span><\/p>\n<p><span style=\"font-size: 11pt\"><span style=\"line-height: 15.6933px\"><span style=\"font-family: Calibri, sans-serif\"><span style=\"font-size: 12pt\"><span style=\"line-height: 17.12px\">De voeding van een kat moet evenwichtig zijn. Daarom is het ideaal om vlees te combineren met orgaanvlees, dat belangrijke vitaminen en stoffen bevat.<\/span><\/span><\/span><\/span><\/span><\/p>\n<p><span style=\"font-size: 11pt\"><span style=\"line-height: 15.6933px\"><span style=\"font-family: Calibri, sans-serif\"><a name=\"_Hlk119401160\"><span style=\"font-size: 12pt\"><span style=\"line-height: 17.12px\">FARMKA CAT is niet alleen geschikt voor katten van alle leeftijden en rassen, maar ook voor stressvolle, drachtige en zogende dieren of voor dieren met spijsverterings- en gewichtsproblemen.<\/span><\/span><\/a><\/span><\/span><\/span><\/p>\n<p><span style=\"font-size: 11pt\"><span style=\"line-height: 15.6933px\"><span style=\"font-family: Calibri, sans-serif\"><span style=\"font-size: 12pt\"><span style=\"line-height: 17.12px\">Al onze producten zijn natuurlijk en bevatten geen kleurstoffen, smaakstoffen, conserveringsmiddelen, chemicali\u00ebn, granen, rijst of soja. De recepten zijn samengesteld door dierenarts en oprichter MVDr. Ji\u0159\u00ed Sokol.<\/span><\/span><\/span><\/span><\/span><\/p>\n<p><span style=\"font-size: 11pt\"><span style=\"line-height: 15.6933px\"><span style=\"font-family: Calibri, sans-serif\">FALCO blikvoer heeft een houdbaarheid van 3 jaar. Bovendien zijn ze voorzien van een transparant plastic deksel dat het vlees in blik vers houdt en voorkomt dat er nare geurtjes in de koelkast ontstaan. Je kunt het ongeveer 7 dagen in de koelkast bewaren, of zo lang als je wilt.<\/span><\/span><\/span><\/p>\n<p><span style=\"font-size: 11pt\"><span style=\"line-height: 15.6933px\"><span style=\"font-family: Calibri, sans-serif\"><b>Ingredi\u00ebnten<\/b>: rundvlees, bijproducten &#8211; runderorgaanvlees, lever 30%.<\/span><\/span><\/span><\/p>\n<p><span style=\"font-size: 11pt\"><span style=\"line-height: 15.6933px\"><span style=\"font-family: Calibri, sans-serif\"><b>Analytische bestanddelen<\/b>: ruw eiwit 16%, ruw vet 11%, ruwe celstof 0,5%, ruwe as 2,5%, vocht 70%, hoog natuurlijk gehalte aan vitamines (A, E, D) en aminozuren (lysine, methionine, cystine)<\/span><\/span><\/span><\/p>\n<\/div>\n<\/div>\n<\/div>\n<\/div>\n","protected":false},"excerpt":{"rendered":"<p>FARMKA CAT is niet alleen geschikt voor katten van alle leeftijden en rassen, maar ook voor stressvolle, drachtige en zogende dieren of voor dieren met spijsverterings- en gewichtsproblemen.<\/p>\n","protected":false},"featured_media":49581,"template":"","meta":[],"product_brand":[1769],"product_cat":[2015,2016],"product_tag":[],"class_list":{"0":"post-49587","1":"product","2":"type-product","3":"status-publish","4":"has-post-thumbnail","6":"product_brand-sokol-falco4","7":"product_cat-100vlees-stukjes-katten_87","8":"product_cat-100vlees-stukjes-met-gemalen-katten_89","10":"first","11":"instock","12":"taxable","13":"shipping-taxable","14":"purchasable","15":"product-type-variable"},"yoast_head":"<!-- This site is optimized with the Yoast SEO plugin v26.9 - https:\/\/yoast.com\/product\/yoast-seo-wordpress\/ -->\n<title>FARMKA CAT met lever 400gr - 800gr - Catlife<\/title>\n<meta name=\"robots\" content=\"index, follow, max-snippet:-1, max-image-preview:large, max-video-preview:-1\" \/>\n<link rel=\"canonical\" href=\"https:\/\/catlife.be\/es\/producto\/farmka-cat-met-lever-400gr-800gr\/\" \/>\n<meta property=\"og:locale\" content=\"es_ES\" \/>\n<meta property=\"og:type\" content=\"article\" \/>\n<meta property=\"og:title\" content=\"FARMKA CAT met lever 400gr - 800gr - Catlife\" \/>\n<meta property=\"og:description\" content=\"FARMKA CAT is niet alleen geschikt voor katten van alle leeftijden en rassen, maar ook voor stressvolle, drachtige en zogende dieren of voor dieren met spijsverterings- en gewichtsproblemen.\" \/>\n<meta property=\"og:url\" content=\"https:\/\/catlife.be\/es\/producto\/farmka-cat-met-lever-400gr-800gr\/\" \/>\n<meta property=\"og:site_name\" content=\"Catlife\" \/>\n<meta property=\"article:modified_time\" content=\"2026-04-16T07:56:58+00:00\" \/>\n<meta property=\"og:image\" content=\"https:\/\/catlife.be\/wp-content\/uploads\/2025\/10\/FARMKA_CAT_met_lever_400gr_-_800gr.jpg\" \/>\n\t<meta property=\"og:image:width\" content=\"1200\" \/>\n\t<meta property=\"og:image:height\" content=\"1200\" \/>\n\t<meta property=\"og:image:type\" content=\"image\/jpeg\" \/>\n<meta name=\"twitter:card\" content=\"summary_large_image\" \/>\n<meta name=\"twitter:label1\" content=\"Est. reading time\" \/>\n\t<meta name=\"twitter:data1\" content=\"1 minute\" \/>\n<script type=\"application\/ld+json\" class=\"yoast-schema-graph\">{\"@context\":\"https:\/\/schema.org\",\"@graph\":[{\"@type\":\"WebPage\",\"@id\":\"https:\/\/catlife.be\/es\/producto\/farmka-cat-met-lever-400gr-800gr\/\",\"url\":\"https:\/\/catlife.be\/es\/producto\/farmka-cat-met-lever-400gr-800gr\/\",\"name\":\"FARMKA CAT met lever 400gr - 800gr - Catlife\",\"isPartOf\":{\"@id\":\"https:\/\/catlife.be\/es\/#website\"},\"primaryImageOfPage\":{\"@id\":\"https:\/\/catlife.be\/es\/producto\/farmka-cat-met-lever-400gr-800gr\/#primaryimage\"},\"image\":{\"@id\":\"https:\/\/catlife.be\/es\/producto\/farmka-cat-met-lever-400gr-800gr\/#primaryimage\"},\"thumbnailUrl\":\"https:\/\/catlife.be\/wp-content\/uploads\/2025\/10\/FARMKA_CAT_met_lever_400gr_-_800gr.jpg\",\"datePublished\":\"2025-10-08T18:04:47+00:00\",\"dateModified\":\"2026-04-16T07:56:58+00:00\",\"breadcrumb\":{\"@id\":\"https:\/\/catlife.be\/es\/producto\/farmka-cat-met-lever-400gr-800gr\/#breadcrumb\"},\"inLanguage\":\"es-ES\",\"potentialAction\":[{\"@type\":\"ReadAction\",\"target\":[\"https:\/\/catlife.be\/es\/producto\/farmka-cat-met-lever-400gr-800gr\/\"]}]},{\"@type\":\"ImageObject\",\"inLanguage\":\"es-ES\",\"@id\":\"https:\/\/catlife.be\/es\/producto\/farmka-cat-met-lever-400gr-800gr\/#primaryimage\",\"url\":\"https:\/\/catlife.be\/wp-content\/uploads\/2025\/10\/FARMKA_CAT_met_lever_400gr_-_800gr.jpg\",\"contentUrl\":\"https:\/\/catlife.be\/wp-content\/uploads\/2025\/10\/FARMKA_CAT_met_lever_400gr_-_800gr.jpg\",\"width\":1200,\"height\":1200,\"caption\":\"FARMKA CAT met lever 400gr - 800gr\"},{\"@type\":\"BreadcrumbList\",\"@id\":\"https:\/\/catlife.be\/es\/producto\/farmka-cat-met-lever-400gr-800gr\/#breadcrumb\",\"itemListElement\":[{\"@type\":\"ListItem\",\"position\":1,\"name\":\"Home\",\"item\":\"https:\/\/catlife.be\/es\/\"},{\"@type\":\"ListItem\",\"position\":2,\"name\":\"Winkel\",\"item\":\"https:\/\/catlife.be\/winkel\/\"},{\"@type\":\"ListItem\",\"position\":3,\"name\":\"FARMKA CAT met lever 400gr &#8211; 800gr\"}]},{\"@type\":\"WebSite\",\"@id\":\"https:\/\/catlife.be\/es\/#website\",\"url\":\"https:\/\/catlife.be\/es\/\",\"name\":\"Catlife\",\"description\":\"\",\"publisher\":{\"@id\":\"https:\/\/catlife.be\/es\/#organization\"},\"potentialAction\":[{\"@type\":\"SearchAction\",\"target\":{\"@type\":\"EntryPoint\",\"urlTemplate\":\"https:\/\/catlife.be\/es\/?s={search_term_string}\"},\"query-input\":{\"@type\":\"PropertyValueSpecification\",\"valueRequired\":true,\"valueName\":\"search_term_string\"}}],\"inLanguage\":\"es-ES\"},{\"@type\":\"Organization\",\"@id\":\"https:\/\/catlife.be\/es\/#organization\",\"name\":\"Catlife\",\"url\":\"https:\/\/catlife.be\/es\/\",\"logo\":{\"@type\":\"ImageObject\",\"inLanguage\":\"es-ES\",\"@id\":\"https:\/\/catlife.be\/es\/#\/schema\/logo\/image\/\",\"url\":\"https:\/\/catlife.be\/wp-content\/uploads\/2022\/07\/Catlife-transparent-ctverec.png\",\"contentUrl\":\"https:\/\/catlife.be\/wp-content\/uploads\/2022\/07\/Catlife-transparent-ctverec.png\",\"width\":821,\"height\":835,\"caption\":\"Catlife\"},\"image\":{\"@id\":\"https:\/\/catlife.be\/es\/#\/schema\/logo\/image\/\"}}]}<\/script>\n<!-- \/ Yoast SEO plugin. -->","yoast_head_json":{"title":"FARMKA CAT met lever 400gr - 800gr - Catlife","robots":{"index":"index","follow":"follow","max-snippet":"max-snippet:-1","max-image-preview":"max-image-preview:large","max-video-preview":"max-video-preview:-1"},"canonical":"https:\/\/catlife.be\/es\/producto\/farmka-cat-met-lever-400gr-800gr\/","og_locale":"es_ES","og_type":"article","og_title":"FARMKA CAT met lever 400gr - 800gr - Catlife","og_description":"FARMKA CAT is niet alleen geschikt voor katten van alle leeftijden en rassen, maar ook voor stressvolle, drachtige en zogende dieren of voor dieren met spijsverterings- en gewichtsproblemen.","og_url":"https:\/\/catlife.be\/es\/producto\/farmka-cat-met-lever-400gr-800gr\/","og_site_name":"Catlife","article_modified_time":"2026-04-16T07:56:58+00:00","og_image":[{"width":1200,"height":1200,"url":"https:\/\/catlife.be\/wp-content\/uploads\/2025\/10\/FARMKA_CAT_met_lever_400gr_-_800gr.jpg","type":"image\/jpeg"}],"twitter_card":"summary_large_image","twitter_misc":{"Est. reading time":"1 minute"},"schema":{"@context":"https:\/\/schema.org","@graph":[{"@type":"WebPage","@id":"https:\/\/catlife.be\/es\/producto\/farmka-cat-met-lever-400gr-800gr\/","url":"https:\/\/catlife.be\/es\/producto\/farmka-cat-met-lever-400gr-800gr\/","name":"FARMKA CAT met lever 400gr - 800gr - Catlife","isPartOf":{"@id":"https:\/\/catlife.be\/es\/#website"},"primaryImageOfPage":{"@id":"https:\/\/catlife.be\/es\/producto\/farmka-cat-met-lever-400gr-800gr\/#primaryimage"},"image":{"@id":"https:\/\/catlife.be\/es\/producto\/farmka-cat-met-lever-400gr-800gr\/#primaryimage"},"thumbnailUrl":"https:\/\/catlife.be\/wp-content\/uploads\/2025\/10\/FARMKA_CAT_met_lever_400gr_-_800gr.jpg","datePublished":"2025-10-08T18:04:47+00:00","dateModified":"2026-04-16T07:56:58+00:00","breadcrumb":{"@id":"https:\/\/catlife.be\/es\/producto\/farmka-cat-met-lever-400gr-800gr\/#breadcrumb"},"inLanguage":"es-ES","potentialAction":[{"@type":"ReadAction","target":["https:\/\/catlife.be\/es\/producto\/farmka-cat-met-lever-400gr-800gr\/"]}]},{"@type":"ImageObject","inLanguage":"es-ES","@id":"https:\/\/catlife.be\/es\/producto\/farmka-cat-met-lever-400gr-800gr\/#primaryimage","url":"https:\/\/catlife.be\/wp-content\/uploads\/2025\/10\/FARMKA_CAT_met_lever_400gr_-_800gr.jpg","contentUrl":"https:\/\/catlife.be\/wp-content\/uploads\/2025\/10\/FARMKA_CAT_met_lever_400gr_-_800gr.jpg","width":1200,"height":1200,"caption":"FARMKA CAT met lever 400gr - 800gr"},{"@type":"BreadcrumbList","@id":"https:\/\/catlife.be\/es\/producto\/farmka-cat-met-lever-400gr-800gr\/#breadcrumb","itemListElement":[{"@type":"ListItem","position":1,"name":"Home","item":"https:\/\/catlife.be\/es\/"},{"@type":"ListItem","position":2,"name":"Winkel","item":"https:\/\/catlife.be\/winkel\/"},{"@type":"ListItem","position":3,"name":"FARMKA CAT met lever 400gr &#8211; 800gr"}]},{"@type":"WebSite","@id":"https:\/\/catlife.be\/es\/#website","url":"https:\/\/catlife.be\/es\/","name":"Catlife","description":"","publisher":{"@id":"https:\/\/catlife.be\/es\/#organization"},"potentialAction":[{"@type":"SearchAction","target":{"@type":"EntryPoint","urlTemplate":"https:\/\/catlife.be\/es\/?s={search_term_string}"},"query-input":{"@type":"PropertyValueSpecification","valueRequired":true,"valueName":"search_term_string"}}],"inLanguage":"es-ES"},{"@type":"Organization","@id":"https:\/\/catlife.be\/es\/#organization","name":"Catlife","url":"https:\/\/catlife.be\/es\/","logo":{"@type":"ImageObject","inLanguage":"es-ES","@id":"https:\/\/catlife.be\/es\/#\/schema\/logo\/image\/","url":"https:\/\/catlife.be\/wp-content\/uploads\/2022\/07\/Catlife-transparent-ctverec.png","contentUrl":"https:\/\/catlife.be\/wp-content\/uploads\/2022\/07\/Catlife-transparent-ctverec.png","width":821,"height":835,"caption":"Catlife"},"image":{"@id":"https:\/\/catlife.be\/es\/#\/schema\/logo\/image\/"}}]}},"_links":{"self":[{"href":"https:\/\/catlife.be\/es\/wp-json\/wp\/v2\/product\/49587","targetHints":{"allow":["GET"]}}],"collection":[{"href":"https:\/\/catlife.be\/es\/wp-json\/wp\/v2\/product"}],"about":[{"href":"https:\/\/catlife.be\/es\/wp-json\/wp\/v2\/types\/product"}],"wp:featuredmedia":[{"embeddable":true,"href":"https:\/\/catlife.be\/es\/wp-json\/wp\/v2\/media\/49581"}],"wp:attachment":[{"href":"https:\/\/catlife.be\/es\/wp-json\/wp\/v2\/media?parent=49587"}],"wp:term":[{"taxonomy":"product_brand","embeddable":true,"href":"https:\/\/catlife.be\/es\/wp-json\/wp\/v2\/product_brand?post=49587"},{"taxonomy":"product_cat","embeddable":true,"href":"https:\/\/catlife.be\/es\/wp-json\/wp\/v2\/product_cat?post=49587"},{"taxonomy":"product_tag","embeddable":true,"href":"https:\/\/catlife.be\/es\/wp-json\/wp\/v2\/product_tag?post=49587"}],"curies":[{"name":"wp","href":"https:\/\/api.w.org\/{rel}","templated":true}]}}