{"id":61476,"date":"2026-03-31T13:53:27","date_gmt":"2026-03-31T12:53:27","guid":{"rendered":"https:\/\/catlife.be\/product\/biotine-voor-honden-en-katten-400g\/"},"modified":"2026-04-10T16:55:21","modified_gmt":"2026-04-10T15:55:21","slug":"biotine-voor-honden-en-katten-400g","status":"publish","type":"product","link":"https:\/\/catlife.be\/en\/product\/biotine-voor-honden-en-katten-400g\/","title":{"rendered":"Biotine voor honden en katten 400g"},"content":{"rendered":"<p style=\"margin-right: 0px;margin-bottom: 0px;margin-left: 0px;font-style: normal;font-size: 20px;line-height: normal\"><span style=\"font-family: TimesNewRomanPS-BoldMT;font-weight: bold\">Een glanzende vacht als uit een tijdschrift<\/span><\/p>\n<p style=\"margin-right: 0px;margin-bottom: 0px;margin-left: 0px;font-style: normal;font-size: 16px;line-height: normal\"><span>Wanneer je trouwe viervoeter er aan de buitenkant niet optimaal uitziet, ligt de oorzaak meestal vanbinnen. Een doffe en stinkende vacht, broze nagels of een schilferige en verdikte huid kunnen duidelijke signalen zijn van een tekort aan voedingsstoffen. Biotine is daarbij een van de meest voorkomende tekorten. Daarom hebben we <\/span><span style=\"font-family: TimesNewRomanPS-BoldMT;font-weight: bold\">Yoggies\u00ae Biotine Plus<\/span><span> ontwikkeld, om de reserves van je hond weer volledig aan te vullen.<\/span><\/p>\n<p style=\"margin-right: 0px;margin-bottom: 0px;margin-left: 0px;font-style: normal;font-size: 16px;line-height: normal\"><span>Het bevat een breed scala aan natuurlijke ingredi\u00ebnten zoals kruiden, biergist, zeewier en koudgeperste oli\u00ebn. Samen ondersteunen deze ingredi\u00ebnten de gezonde aanmaak van keratine, de belangrijkste bouwsteen voor vacht, huid en nagels. Het is een eenvoudige manier om bij te dragen aan een prachtige glans en sterke, gezonde nagels.<\/span><\/p>\n<p style=\"margin-right: 0px;margin-bottom: 0px;margin-left: 0px;font-style: normal;font-size: 20px;line-height: normal\"><span style=\"font-family: TimesNewRomanPS-BoldMT;font-weight: bold\">Een helpende poot bij huidproblemen<\/span><\/p>\n<p style=\"margin-right: 0px;margin-bottom: 0px;margin-left: 0px;font-style: normal;font-size: 16px;line-height: normal\"><span>Er zijn tal van huidproblemen waar onze honden mee te maken kunnen krijgen. Of je maatje nu last heeft van een droge, jeukende of schilferige huid, allergie\u00ebn of ontstekingen; dergelijke klachten be\u00efnvloeden hun dagelijks welzijn. Dit geldt zeker in de winter, wanneer ze ook nog eens te maken krijgen met vrieskou, sneeuw en strooizout.<\/span><\/p>\n<p style=\"margin-right: 0px;margin-bottom: 0px;margin-left: 0px;font-style: normal;font-size: 16px;line-height: normal\"><span>Niet alleen biotine, maar ook antioxidanten en andere actieve bestanddelen helpen deze problemen te verzachten en effectief te voorkomen. Het supplement is ook uiterst geschikt bij overmatige eeltvorming, broosheid of een verstoorde groei van de nagels. Door regelmatig gebruik kun je de symptomen van huidaandoeningen onderdrukken en de algehele conditie van de huid verbeteren. Tegelijkertijd ondersteun je de huidregeneratie en herstel je de natuurlijke beschermingsfunctie.<\/span><\/p>\n<p style=\"margin-right: 0px;margin-bottom: 0px;margin-left: 0px;font-style: normal;font-size: 20px;line-height: normal\"><span style=\"font-family: TimesNewRomanPS-BoldMT;font-weight: bold\">Ondersteuning van het metabolisme en celgroei<\/span><\/p>\n<p style=\"margin-right: 0px;margin-bottom: 0px;margin-left: 0px;font-style: normal;font-size: 16px;line-height: normal\"><span>De positieve effecten van dit voedingssupplement houden niet op bij de huid, vacht en nagels. Biotine, ook wel bekend als vitamine H, speelt een cruciale rol in de stofwisseling en de celgroei. Een tekort kan dus een negatieve invloed hebben op bijvoorbeeld wondgenezing, het herstel na ziekte of inspanning, en de algehele weerstand van je hond.<\/span><\/p>\n<p style=\"margin-right: 0px;margin-bottom: 0px;margin-left: 0px;font-style: normal;font-size: 16px;line-height: normal\"><span>Daarom ondersteunt <\/span><span style=\"font-family: TimesNewRomanPS-BoldMT;font-weight: bold\">Yoggies\u00ae Biotine Plus<\/span><span> het organisme van je hond van binnenuit \u00e9n van buitenaf. En hoewel je de toestand van de organen niet met het blote oog kunt zien, vertellen de sterkere nagels, betere pigmentatie en diepe glans je precies wat je moet weten: dat je maatje zich weer kerngezond voelt!<\/span><\/p>\n<div><span><br \/><\/span><\/div>\n<div><span><\/p>\n<div>Ingredi\u00ebnten<\/div>\n<div>rijstkiem<\/div>\n<div>bakkersgist<\/div>\n<div>zeewier<\/div>\n<div>koudgeperste oli\u00ebn (lijnzaad, witte vis, hennep)<\/div>\n<div>bietextract<\/div>\n<div>kruiden voor honden<\/div>\n<div>Analytische bestanddelen (per kg): ruw eiwit 17,2%, ruw vet 8,7%, ruwe vezels 3,4%, ruwe as 16,5%.<\/div>\n<div><\/div>\n<div>Vitaminen en sporenelementen (per kg): vitaminen, provitaminen en stoffen met vergelijkbare werking: biotine 300.000 mcg, zink (zinkchelaat) 1.800 mg, diatomee\u00ebnaarde 97.000 mg.<\/div>\n<div><\/div>\n<div>\n<div>Dosering<\/div>\n<div>Gewicht van volwassen honden &#8211; Aanbevolen dagelijkse dosis<\/div>\n<div><\/div>\n<div>tot 10 kg &#8211; \u00bc\u2013\u00bd schepje<\/div>\n<div>10-20 kg &#8211; \u00bd\u20131 schepje<\/div>\n<div>20-30 kg &#8211; 1\u20131 \u00bd schepje<\/div>\n<div>30-50 kg &#8211; 1 \u00bd\u20132 \u00bd schepjes<\/div>\n<div>tot 80 kg &#8211; 2 \u00bd\u20134 schepjes<\/div>\n<div>1 schepje = 10 g en is inbegrepen in de verpakking.<\/div>\n<div><\/div>\n<div>De maximaal aanbevolen dagelijkse hoeveelheid supplement niet overschrijden. Bewaren op een koele, droge plaats.<\/div>\n<\/div>\n<p><\/span><\/div>\n","protected":false},"excerpt":{"rendered":"<p>Het uiterlijk van een hond is niet alleen een kwestie van esthetiek, maar vooral een weerspiegeling van zijn gezondheid. U kunt dit eenvoudig ondersteunen met het natuurlijke voedingssupplement Yoggies\u00ae Biotin Plus.<\/p>\n","protected":false},"featured_media":61462,"template":"","meta":[],"product_brand":[1768],"product_cat":[2037],"product_tag":[],"class_list":{"0":"post-61476","1":"product","2":"type-product","3":"status-publish","4":"has-post-thumbnail","6":"product_brand-yoggies2","7":"product_cat-katten","9":"first","10":"instock","11":"taxable","12":"shipping-taxable","13":"purchasable","14":"product-type-simple"},"yoast_head":"<!-- This site is optimized with the Yoast SEO plugin v26.9 - https:\/\/yoast.com\/product\/yoast-seo-wordpress\/ -->\n<title>Biotine voor honden en katten 400g - Catlife<\/title>\n<meta name=\"robots\" content=\"index, follow, max-snippet:-1, max-image-preview:large, max-video-preview:-1\" \/>\n<link rel=\"canonical\" href=\"https:\/\/catlife.be\/en\/product\/biotine-voor-honden-en-katten-400g\/\" \/>\n<meta property=\"og:locale\" content=\"en_US\" \/>\n<meta property=\"og:type\" content=\"article\" \/>\n<meta property=\"og:title\" content=\"Biotine voor honden en katten 400g - Catlife\" \/>\n<meta property=\"og:description\" content=\"Het uiterlijk van een hond is niet alleen een kwestie van esthetiek, maar vooral een weerspiegeling van zijn gezondheid. U kunt dit eenvoudig ondersteunen met het natuurlijke voedingssupplement Yoggies\u00ae Biotin Plus.\" \/>\n<meta property=\"og:url\" content=\"https:\/\/catlife.be\/en\/product\/biotine-voor-honden-en-katten-400g\/\" \/>\n<meta property=\"og:site_name\" content=\"Catlife\" \/>\n<meta property=\"article:modified_time\" content=\"2026-04-10T15:55:21+00:00\" \/>\n<meta name=\"twitter:card\" content=\"summary_large_image\" \/>\n<meta name=\"twitter:label1\" content=\"Est. reading time\" \/>\n\t<meta name=\"twitter:data1\" content=\"2 minutes\" \/>\n<script type=\"application\/ld+json\" class=\"yoast-schema-graph\">{\"@context\":\"https:\/\/schema.org\",\"@graph\":[{\"@type\":\"WebPage\",\"@id\":\"https:\/\/catlife.be\/en\/product\/biotine-voor-honden-en-katten-400g\/\",\"url\":\"https:\/\/catlife.be\/en\/product\/biotine-voor-honden-en-katten-400g\/\",\"name\":\"Biotine voor honden en katten 400g - Catlife\",\"isPartOf\":{\"@id\":\"https:\/\/catlife.be\/en\/#website\"},\"primaryImageOfPage\":{\"@id\":\"https:\/\/catlife.be\/en\/product\/biotine-voor-honden-en-katten-400g\/#primaryimage\"},\"image\":{\"@id\":\"https:\/\/catlife.be\/en\/product\/biotine-voor-honden-en-katten-400g\/#primaryimage\"},\"thumbnailUrl\":\"https:\/\/catlife.be\/wp-content\/uploads\/2026\/03\/Biotine_voor_honden_en_katten_400g.jpg\",\"datePublished\":\"2026-03-31T12:53:27+00:00\",\"dateModified\":\"2026-04-10T15:55:21+00:00\",\"breadcrumb\":{\"@id\":\"https:\/\/catlife.be\/en\/product\/biotine-voor-honden-en-katten-400g\/#breadcrumb\"},\"inLanguage\":\"en-US\",\"potentialAction\":[{\"@type\":\"ReadAction\",\"target\":[\"https:\/\/catlife.be\/en\/product\/biotine-voor-honden-en-katten-400g\/\"]}]},{\"@type\":\"ImageObject\",\"inLanguage\":\"en-US\",\"@id\":\"https:\/\/catlife.be\/en\/product\/biotine-voor-honden-en-katten-400g\/#primaryimage\",\"url\":\"https:\/\/catlife.be\/wp-content\/uploads\/2026\/03\/Biotine_voor_honden_en_katten_400g.jpg\",\"contentUrl\":\"https:\/\/catlife.be\/wp-content\/uploads\/2026\/03\/Biotine_voor_honden_en_katten_400g.jpg\",\"width\":1600,\"height\":1354,\"caption\":\"Biotine voor honden en katten 400g\"},{\"@type\":\"BreadcrumbList\",\"@id\":\"https:\/\/catlife.be\/en\/product\/biotine-voor-honden-en-katten-400g\/#breadcrumb\",\"itemListElement\":[{\"@type\":\"ListItem\",\"position\":1,\"name\":\"Home\",\"item\":\"https:\/\/catlife.be\/en\/\"},{\"@type\":\"ListItem\",\"position\":2,\"name\":\"Winkel\",\"item\":\"https:\/\/catlife.be\/winkel\/\"},{\"@type\":\"ListItem\",\"position\":3,\"name\":\"Biotine voor honden en katten 400g\"}]},{\"@type\":\"WebSite\",\"@id\":\"https:\/\/catlife.be\/en\/#website\",\"url\":\"https:\/\/catlife.be\/en\/\",\"name\":\"Catlife\",\"description\":\"\",\"publisher\":{\"@id\":\"https:\/\/catlife.be\/en\/#organization\"},\"potentialAction\":[{\"@type\":\"SearchAction\",\"target\":{\"@type\":\"EntryPoint\",\"urlTemplate\":\"https:\/\/catlife.be\/en\/?s={search_term_string}\"},\"query-input\":{\"@type\":\"PropertyValueSpecification\",\"valueRequired\":true,\"valueName\":\"search_term_string\"}}],\"inLanguage\":\"en-US\"},{\"@type\":\"Organization\",\"@id\":\"https:\/\/catlife.be\/en\/#organization\",\"name\":\"Catlife\",\"url\":\"https:\/\/catlife.be\/en\/\",\"logo\":{\"@type\":\"ImageObject\",\"inLanguage\":\"en-US\",\"@id\":\"https:\/\/catlife.be\/en\/#\/schema\/logo\/image\/\",\"url\":\"https:\/\/catlife.be\/wp-content\/uploads\/2022\/07\/Catlife-transparent-ctverec.png\",\"contentUrl\":\"https:\/\/catlife.be\/wp-content\/uploads\/2022\/07\/Catlife-transparent-ctverec.png\",\"width\":821,\"height\":835,\"caption\":\"Catlife\"},\"image\":{\"@id\":\"https:\/\/catlife.be\/en\/#\/schema\/logo\/image\/\"}}]}<\/script>\n<!-- \/ Yoast SEO plugin. -->","yoast_head_json":{"title":"Biotine voor honden en katten 400g - Catlife","robots":{"index":"index","follow":"follow","max-snippet":"max-snippet:-1","max-image-preview":"max-image-preview:large","max-video-preview":"max-video-preview:-1"},"canonical":"https:\/\/catlife.be\/en\/product\/biotine-voor-honden-en-katten-400g\/","og_locale":"en_US","og_type":"article","og_title":"Biotine voor honden en katten 400g - Catlife","og_description":"Het uiterlijk van een hond is niet alleen een kwestie van esthetiek, maar vooral een weerspiegeling van zijn gezondheid. U kunt dit eenvoudig ondersteunen met het natuurlijke voedingssupplement Yoggies\u00ae Biotin Plus.","og_url":"https:\/\/catlife.be\/en\/product\/biotine-voor-honden-en-katten-400g\/","og_site_name":"Catlife","article_modified_time":"2026-04-10T15:55:21+00:00","twitter_card":"summary_large_image","twitter_misc":{"Est. reading time":"2 minutes"},"schema":{"@context":"https:\/\/schema.org","@graph":[{"@type":"WebPage","@id":"https:\/\/catlife.be\/en\/product\/biotine-voor-honden-en-katten-400g\/","url":"https:\/\/catlife.be\/en\/product\/biotine-voor-honden-en-katten-400g\/","name":"Biotine voor honden en katten 400g - Catlife","isPartOf":{"@id":"https:\/\/catlife.be\/en\/#website"},"primaryImageOfPage":{"@id":"https:\/\/catlife.be\/en\/product\/biotine-voor-honden-en-katten-400g\/#primaryimage"},"image":{"@id":"https:\/\/catlife.be\/en\/product\/biotine-voor-honden-en-katten-400g\/#primaryimage"},"thumbnailUrl":"https:\/\/catlife.be\/wp-content\/uploads\/2026\/03\/Biotine_voor_honden_en_katten_400g.jpg","datePublished":"2026-03-31T12:53:27+00:00","dateModified":"2026-04-10T15:55:21+00:00","breadcrumb":{"@id":"https:\/\/catlife.be\/en\/product\/biotine-voor-honden-en-katten-400g\/#breadcrumb"},"inLanguage":"en-US","potentialAction":[{"@type":"ReadAction","target":["https:\/\/catlife.be\/en\/product\/biotine-voor-honden-en-katten-400g\/"]}]},{"@type":"ImageObject","inLanguage":"en-US","@id":"https:\/\/catlife.be\/en\/product\/biotine-voor-honden-en-katten-400g\/#primaryimage","url":"https:\/\/catlife.be\/wp-content\/uploads\/2026\/03\/Biotine_voor_honden_en_katten_400g.jpg","contentUrl":"https:\/\/catlife.be\/wp-content\/uploads\/2026\/03\/Biotine_voor_honden_en_katten_400g.jpg","width":1600,"height":1354,"caption":"Biotine voor honden en katten 400g"},{"@type":"BreadcrumbList","@id":"https:\/\/catlife.be\/en\/product\/biotine-voor-honden-en-katten-400g\/#breadcrumb","itemListElement":[{"@type":"ListItem","position":1,"name":"Home","item":"https:\/\/catlife.be\/en\/"},{"@type":"ListItem","position":2,"name":"Winkel","item":"https:\/\/catlife.be\/winkel\/"},{"@type":"ListItem","position":3,"name":"Biotine voor honden en katten 400g"}]},{"@type":"WebSite","@id":"https:\/\/catlife.be\/en\/#website","url":"https:\/\/catlife.be\/en\/","name":"Catlife","description":"","publisher":{"@id":"https:\/\/catlife.be\/en\/#organization"},"potentialAction":[{"@type":"SearchAction","target":{"@type":"EntryPoint","urlTemplate":"https:\/\/catlife.be\/en\/?s={search_term_string}"},"query-input":{"@type":"PropertyValueSpecification","valueRequired":true,"valueName":"search_term_string"}}],"inLanguage":"en-US"},{"@type":"Organization","@id":"https:\/\/catlife.be\/en\/#organization","name":"Catlife","url":"https:\/\/catlife.be\/en\/","logo":{"@type":"ImageObject","inLanguage":"en-US","@id":"https:\/\/catlife.be\/en\/#\/schema\/logo\/image\/","url":"https:\/\/catlife.be\/wp-content\/uploads\/2022\/07\/Catlife-transparent-ctverec.png","contentUrl":"https:\/\/catlife.be\/wp-content\/uploads\/2022\/07\/Catlife-transparent-ctverec.png","width":821,"height":835,"caption":"Catlife"},"image":{"@id":"https:\/\/catlife.be\/en\/#\/schema\/logo\/image\/"}}]}},"_links":{"self":[{"href":"https:\/\/catlife.be\/en\/wp-json\/wp\/v2\/product\/61476","targetHints":{"allow":["GET"]}}],"collection":[{"href":"https:\/\/catlife.be\/en\/wp-json\/wp\/v2\/product"}],"about":[{"href":"https:\/\/catlife.be\/en\/wp-json\/wp\/v2\/types\/product"}],"wp:featuredmedia":[{"embeddable":true,"href":"https:\/\/catlife.be\/en\/wp-json\/wp\/v2\/media\/61462"}],"wp:attachment":[{"href":"https:\/\/catlife.be\/en\/wp-json\/wp\/v2\/media?parent=61476"}],"wp:term":[{"taxonomy":"product_brand","embeddable":true,"href":"https:\/\/catlife.be\/en\/wp-json\/wp\/v2\/product_brand?post=61476"},{"taxonomy":"product_cat","embeddable":true,"href":"https:\/\/catlife.be\/en\/wp-json\/wp\/v2\/product_cat?post=61476"},{"taxonomy":"product_tag","embeddable":true,"href":"https:\/\/catlife.be\/en\/wp-json\/wp\/v2\/product_tag?post=61476"}],"curies":[{"name":"wp","href":"https:\/\/api.w.org\/{rel}","templated":true}]}}