{"id":61083,"date":"2026-01-23T16:24:03","date_gmt":"2026-01-23T15:24:03","guid":{"rendered":"https:\/\/catlife.be\/product\/120g-yoggies-pate-kalkoen\/"},"modified":"2026-04-15T22:44:22","modified_gmt":"2026-04-15T21:44:22","slug":"120g-yoggies-pate-kalkoen","status":"publish","type":"product","link":"https:\/\/catlife.be\/en\/product\/120g-yoggies-pate-kalkoen\/","title":{"rendered":"120g Yoggies pat\u00e9 &#8211; Kalkoen"},"content":{"rendered":"<h3>Gedetailleerde beschrijving<\/h3>\n<p>Soms moet je je viervoeter iets extra&#8217;s gunnen \u2013 iets wat zijn of haar regelmatige voeding tot een ervaring maakt die hij of zij graag wil herhalen. Onze pat\u00e9s zijn precies voor zulke momenten ontworpen. De samenstelling is uiterst eenvoudig: ze bevatten alleen puur vlees, vlees- en bottenbouillon en een beetje tapioca als natuurlijk bindmiddel. Ze bevatten geen conserveermiddelen, kunstmatige ingredi\u00ebnten of smaakstoffen, waardoor ze ook geschikt zijn voor harige vrienden met een gevoelige spijsvertering.<\/p>\n<p><\/p>\n<p>De pat\u00e9 is geschikt voor honden en katten van alle leeftijden en rassen en bevat geen gluten, suiker, chemicali\u00ebn, smaakstoffen of soja.<\/p>\n<h1>Wat is de magie van onze pat\u00e9s?<\/h1>\n<p>Onze pat\u00e9s zijn zo onweerstaanbaar geurig en heerlijk dat je vriend ze meteen zal opmerken en enthousiast naar je toe zal komen. Elke hap is een belevenis, maar dat is nog lang niet alles wat onze delicatessen scoren.<\/p>\n<h1>Voor elke levensfase<\/h1>\n<p>Van puppy&#8217;s en kittens die enthousiast de wereld om zich heen ontdekken tot senioren die al veel hebben meegemaakt. Onze praktische pat\u00e9s zijn zo ontworpen dat uw trouwe viervoeter ervan kan genieten, ongeacht zijn of haar leeftijd. Ze bieden ook onmiskenbare gezondheidsvoordelen voor iedereen &#8211; vlees is immers de meest natuurlijke voeding voor uw trouwe viervoeter en zou het grootste deel van zijn dieet moeten uitmaken. En omdat de pat\u00e9 uit gekookte ingredi\u00ebnten bestaat, is hij zacht genoeg voor zelfs oudere honden en katten.<\/p>\n<h1>Ideaal voor viervoeters met een allergie<\/h1>\n<p>De snacks zijn ook geschikt voor mensen met een allergie, omdat ze geen veelvoorkomende allergenen zoals tarwe of soja bevatten. Het immuunsysteem van sommige partners kan echter overreageren op sommige dierlijke eiwitten. Daarom bieden we vijf verschillende varianten aan: pat\u00e9 met varkensvlees, kip, rundvlees, kalkoen en een visduo van zalm en witte vis. Zo vindt iedereen de juiste variant.<\/p>\n<p><img decoding=\"async\" src=\"https:\/\/cdn.shopify.com\/s\/files\/1\/0908\/0894\/2932\/files\/115qo_480x480.jpg?v=1741946931\" style=\"width: 480px\"><\/p>\n<h1>Perfect als aanvulling op de maaltijd<\/h1>\n<p>Niemand wil altijd hetzelfde eten \u2013 en het microbioom van je trouwe viervoeter is ook niet bepaald blij met een monotoon dieet. Pat\u00e9s zijn ook geweldig om hun dieet te vari\u00ebren, zodat je trouwe viervoeter altijd uitkijkt naar wat je deze keer in zijn of haar bak hebt gestopt. Natuurlijk kun je ze ook gebruiken als een geweldige beloning tijdens de training of gewoon wanneer je je liefde voor je hond of kat nog meer wilt uiten. Pas echter op dat ze niet zo gewend raken aan pat\u00e9s dat ze alles anders weigeren. Maar eerlijk gezegd is dit onwaarschijnlijk met onze gezonde, smakelijke koudgeperste brokjes.<\/p>\n<p><\/p>\n<p>Pat\u00e9s bevatten van nature ook veel vocht, dus ze zijn ook handig voor mensen die gewoon water als een noodzakelijk kwaad beschouwen.<\/p>\n<h1>Gemakkelijk te combineren met interactief speelgoed<\/h1>\n<p>In tegenstelling tot wat vaak wordt gedacht, is fysieke activiteit niet allesbepalend voor het geluk van onze harige vrienden. Het is ook noodzakelijk om hun hersenen regelmatig te stimuleren \u2013 dankzij mentaal veeleisendere activiteiten krijgen onze metgezellen immers extra zelfvertrouwen en vertrouwen in hun kunnen. Je kunt bijvoorbeeld een knuffel vullen met pat\u00e9 en vervolgens gewoon kijken hoe je hond of kat zijn of haar natuurlijke instincten volgt. Je kunt pat\u00e9s ook in sensorische kommen doen, waar je ze combineert met andere lekkernijen, zoals onze beroemde yoghurt of gevriesdroogde snacks. En wees voorzichtig: de pat\u00e9 heeft zo&#8217;n onweerstaanbare geur dat je metgezel het al doorheeft voordat je je kunt omdraaien. Om zijn eettempo te vertragen, kun je hem een \u200b\u200blikmat geven.<\/p>\n<h1><img decoding=\"async\" src=\"https:\/\/cdn.shopify.com\/s\/files\/1\/0908\/0894\/2932\/files\/118si_480x480.jpg?v=1741947201\" style=\"width: 480px\"><br \/><\/h1>\n<h1>Een snack voor alle avonturen<\/h1>\n<p>Reis je vaak met je beste vriend(in)? Dan weet je hoe lastig het kan zijn om het perfecte eten voor elke reis te kiezen. Onze pat\u00e9s zitten echter in een praktische verpakking die je makkelijk meeneemt \u2013 en bij het serveren hoef je hem alleen maar open te maken en uit te knijpen. Onthoud wel dat pat\u00e9s een bijgerecht zijn. Wil je je reisgenoot iets compleets bieden? Kies dan voor onze gekookte gerechten en neem er een praktische reiskom bij.<\/p>\n<h1>Hoe kies je een pat\u00e9 die bij elke maaltijd in de smaak valt?<\/h1>\n<p>Bij het kiezen van pat\u00e9s raden we aan om rekening te houden met een paar belangrijke factoren om ervoor te zorgen dat uw huisdier het beste krijgt.<\/p>\n<p><\/p>\n<p><b>De samenstelling is de basis. <\/b>Vermijd chemische toevoegingen zoals een hond een lawaaiige stofzuiger vermijdt. Het is ideaal om pat\u00e9s te kiezen die alleen vlees en een paar natuurlijke ingredi\u00ebnten bevatten die de spijsvertering niet onnodig belasten. Een extra voordeel is dat de ingredi\u00ebnten niet afkomstig zijn van onethische intensieve veehouderijen.<\/p>\n<p><b>Kies op basis van uw smaakvoorkeuren.<\/b> Honderd harige vrienden, honderd smaken. Als u niet weet wat het beste bij uw huisdier past, probeer hem dan verschillende varianten aan te bieden.<\/p>\n<p><b>Praktische verpakking = minder zorgen. <\/b>Nieuwe gastronomische ervaringen zijn een must voor onderweg. Onze pat\u00e9s hebben bijvoorbeeld een zeer gemakkelijke opening die elke actieve eigenaar zal waarderen.<\/p>\n<p><b>Let voor viervoeters met een allergie op hypoallergene producten.<\/b> Tarwe, soja en andere bekende boosdoeners horen niet thuis in de voerbak van een huisdier, maar dit geldt des te meer voor mensen met een allergie. Als uw hond of kat aan een auto-immuunziekte lijdt, kies dan voor hypoallergene alternatieven.<\/p>\n<p>________________________________<\/p>\n<h2>Samenstelling:<\/h2>\n<p>Vlees- en bottenbouillon<\/p>\n<p>kalkoenspier met ingewanden 37%<\/p>\n<p>tapioca<\/p>\n<p><b>Analytische bestanddelen*:<\/b> ruw eiwit 7%, ruw vet 5%, ruwe vezels 1%, ruwe as 1,5%,<\/p>\n<p>vocht 75%.<\/p>\n<p><\/p>\n<p><b>Bruikbare energie: 73 kcal \/ 100 g.<\/b><\/p>\n<p><\/p>\n<p>*Analytische bestanddelen, uiterlijk en consistentie kunnen enigszins vari\u00ebren afhankelijk van het seizoen en de leverancier van de grondstoffen.<\/p>\n","protected":false},"excerpt":{"rendered":"<p>Soms heeft je viervoeter iets extra&#8217;s nodig \u2013 iets waardoor de gewone maaltijd een ervaring wordt die hij of zij graag wil herhalen. Onze pat\u00e9s zijn speciaal voor zulke momenten ontwikkeld.<\/p>\n","protected":false},"featured_media":61030,"template":"","meta":[],"product_brand":[1768],"product_cat":[2037],"product_tag":[],"class_list":{"0":"post-61083","1":"product","2":"type-product","3":"status-publish","4":"has-post-thumbnail","6":"product_brand-yoggies2","7":"product_cat-katten","9":"first","10":"instock","11":"taxable","12":"shipping-taxable","13":"purchasable","14":"product-type-simple"},"yoast_head":"<!-- This site is optimized with the Yoast SEO plugin v26.9 - https:\/\/yoast.com\/product\/yoast-seo-wordpress\/ -->\n<title>120g Yoggies pat\u00e9 - Kalkoen - Catlife<\/title>\n<meta name=\"robots\" content=\"index, follow, max-snippet:-1, max-image-preview:large, max-video-preview:-1\" \/>\n<link rel=\"canonical\" href=\"https:\/\/catlife.be\/en\/product\/120g-yoggies-pate-kalkoen\/\" \/>\n<meta property=\"og:locale\" content=\"en_US\" \/>\n<meta property=\"og:type\" content=\"article\" \/>\n<meta property=\"og:title\" content=\"120g Yoggies pat\u00e9 - Kalkoen - Catlife\" \/>\n<meta property=\"og:description\" content=\"Soms heeft je viervoeter iets extra&#039;s nodig \u2013 iets waardoor de gewone maaltijd een ervaring wordt die hij of zij graag wil herhalen. Onze pat\u00e9s zijn speciaal voor zulke momenten ontwikkeld.\" \/>\n<meta property=\"og:url\" content=\"https:\/\/catlife.be\/en\/product\/120g-yoggies-pate-kalkoen\/\" \/>\n<meta property=\"og:site_name\" content=\"Catlife\" \/>\n<meta property=\"article:modified_time\" content=\"2026-04-15T21:44:22+00:00\" \/>\n<meta property=\"og:image\" content=\"https:\/\/cdn.shopify.com\/s\/files\/1\/0908\/0894\/2932\/files\/115qo_480x480.jpg?v=1741946931\" \/>\n<meta name=\"twitter:card\" content=\"summary_large_image\" \/>\n<meta name=\"twitter:label1\" content=\"Est. reading time\" \/>\n\t<meta name=\"twitter:data1\" content=\"4 minutes\" \/>\n<script type=\"application\/ld+json\" class=\"yoast-schema-graph\">{\"@context\":\"https:\/\/schema.org\",\"@graph\":[{\"@type\":\"WebPage\",\"@id\":\"https:\/\/catlife.be\/en\/product\/120g-yoggies-pate-kalkoen\/\",\"url\":\"https:\/\/catlife.be\/en\/product\/120g-yoggies-pate-kalkoen\/\",\"name\":\"120g Yoggies pat\u00e9 - Kalkoen - Catlife\",\"isPartOf\":{\"@id\":\"https:\/\/catlife.be\/en\/#website\"},\"primaryImageOfPage\":{\"@id\":\"https:\/\/catlife.be\/en\/product\/120g-yoggies-pate-kalkoen\/#primaryimage\"},\"image\":{\"@id\":\"https:\/\/catlife.be\/en\/product\/120g-yoggies-pate-kalkoen\/#primaryimage\"},\"thumbnailUrl\":\"https:\/\/catlife.be\/wp-content\/uploads\/2026\/01\/120g_Yoggies_pat_-_Kalkoen.jpg\",\"datePublished\":\"2026-01-23T15:24:03+00:00\",\"dateModified\":\"2026-04-15T21:44:22+00:00\",\"breadcrumb\":{\"@id\":\"https:\/\/catlife.be\/en\/product\/120g-yoggies-pate-kalkoen\/#breadcrumb\"},\"inLanguage\":\"en-US\",\"potentialAction\":[{\"@type\":\"ReadAction\",\"target\":[\"https:\/\/catlife.be\/en\/product\/120g-yoggies-pate-kalkoen\/\"]}]},{\"@type\":\"ImageObject\",\"inLanguage\":\"en-US\",\"@id\":\"https:\/\/catlife.be\/en\/product\/120g-yoggies-pate-kalkoen\/#primaryimage\",\"url\":\"https:\/\/catlife.be\/wp-content\/uploads\/2026\/01\/120g_Yoggies_pat_-_Kalkoen.jpg\",\"contentUrl\":\"https:\/\/catlife.be\/wp-content\/uploads\/2026\/01\/120g_Yoggies_pat_-_Kalkoen.jpg\",\"width\":900,\"height\":900,\"caption\":\"120g Yoggies pat\u00e9 - Kalkoen\"},{\"@type\":\"BreadcrumbList\",\"@id\":\"https:\/\/catlife.be\/en\/product\/120g-yoggies-pate-kalkoen\/#breadcrumb\",\"itemListElement\":[{\"@type\":\"ListItem\",\"position\":1,\"name\":\"Home\",\"item\":\"https:\/\/catlife.be\/en\/\"},{\"@type\":\"ListItem\",\"position\":2,\"name\":\"Winkel\",\"item\":\"https:\/\/catlife.be\/winkel\/\"},{\"@type\":\"ListItem\",\"position\":3,\"name\":\"120g Yoggies pat\u00e9 &#8211; Kalkoen\"}]},{\"@type\":\"WebSite\",\"@id\":\"https:\/\/catlife.be\/en\/#website\",\"url\":\"https:\/\/catlife.be\/en\/\",\"name\":\"Catlife\",\"description\":\"\",\"publisher\":{\"@id\":\"https:\/\/catlife.be\/en\/#organization\"},\"potentialAction\":[{\"@type\":\"SearchAction\",\"target\":{\"@type\":\"EntryPoint\",\"urlTemplate\":\"https:\/\/catlife.be\/en\/?s={search_term_string}\"},\"query-input\":{\"@type\":\"PropertyValueSpecification\",\"valueRequired\":true,\"valueName\":\"search_term_string\"}}],\"inLanguage\":\"en-US\"},{\"@type\":\"Organization\",\"@id\":\"https:\/\/catlife.be\/en\/#organization\",\"name\":\"Catlife\",\"url\":\"https:\/\/catlife.be\/en\/\",\"logo\":{\"@type\":\"ImageObject\",\"inLanguage\":\"en-US\",\"@id\":\"https:\/\/catlife.be\/en\/#\/schema\/logo\/image\/\",\"url\":\"https:\/\/catlife.be\/wp-content\/uploads\/2022\/07\/Catlife-transparent-ctverec.png\",\"contentUrl\":\"https:\/\/catlife.be\/wp-content\/uploads\/2022\/07\/Catlife-transparent-ctverec.png\",\"width\":821,\"height\":835,\"caption\":\"Catlife\"},\"image\":{\"@id\":\"https:\/\/catlife.be\/en\/#\/schema\/logo\/image\/\"}}]}<\/script>\n<!-- \/ Yoast SEO plugin. -->","yoast_head_json":{"title":"120g Yoggies pat\u00e9 - Kalkoen - Catlife","robots":{"index":"index","follow":"follow","max-snippet":"max-snippet:-1","max-image-preview":"max-image-preview:large","max-video-preview":"max-video-preview:-1"},"canonical":"https:\/\/catlife.be\/en\/product\/120g-yoggies-pate-kalkoen\/","og_locale":"en_US","og_type":"article","og_title":"120g Yoggies pat\u00e9 - Kalkoen - Catlife","og_description":"Soms heeft je viervoeter iets extra's nodig \u2013 iets waardoor de gewone maaltijd een ervaring wordt die hij of zij graag wil herhalen. Onze pat\u00e9s zijn speciaal voor zulke momenten ontwikkeld.","og_url":"https:\/\/catlife.be\/en\/product\/120g-yoggies-pate-kalkoen\/","og_site_name":"Catlife","article_modified_time":"2026-04-15T21:44:22+00:00","og_image":[{"url":"https:\/\/cdn.shopify.com\/s\/files\/1\/0908\/0894\/2932\/files\/115qo_480x480.jpg?v=1741946931","type":"","width":"","height":""}],"twitter_card":"summary_large_image","twitter_misc":{"Est. reading time":"4 minutes"},"schema":{"@context":"https:\/\/schema.org","@graph":[{"@type":"WebPage","@id":"https:\/\/catlife.be\/en\/product\/120g-yoggies-pate-kalkoen\/","url":"https:\/\/catlife.be\/en\/product\/120g-yoggies-pate-kalkoen\/","name":"120g Yoggies pat\u00e9 - Kalkoen - Catlife","isPartOf":{"@id":"https:\/\/catlife.be\/en\/#website"},"primaryImageOfPage":{"@id":"https:\/\/catlife.be\/en\/product\/120g-yoggies-pate-kalkoen\/#primaryimage"},"image":{"@id":"https:\/\/catlife.be\/en\/product\/120g-yoggies-pate-kalkoen\/#primaryimage"},"thumbnailUrl":"https:\/\/catlife.be\/wp-content\/uploads\/2026\/01\/120g_Yoggies_pat_-_Kalkoen.jpg","datePublished":"2026-01-23T15:24:03+00:00","dateModified":"2026-04-15T21:44:22+00:00","breadcrumb":{"@id":"https:\/\/catlife.be\/en\/product\/120g-yoggies-pate-kalkoen\/#breadcrumb"},"inLanguage":"en-US","potentialAction":[{"@type":"ReadAction","target":["https:\/\/catlife.be\/en\/product\/120g-yoggies-pate-kalkoen\/"]}]},{"@type":"ImageObject","inLanguage":"en-US","@id":"https:\/\/catlife.be\/en\/product\/120g-yoggies-pate-kalkoen\/#primaryimage","url":"https:\/\/catlife.be\/wp-content\/uploads\/2026\/01\/120g_Yoggies_pat_-_Kalkoen.jpg","contentUrl":"https:\/\/catlife.be\/wp-content\/uploads\/2026\/01\/120g_Yoggies_pat_-_Kalkoen.jpg","width":900,"height":900,"caption":"120g Yoggies pat\u00e9 - Kalkoen"},{"@type":"BreadcrumbList","@id":"https:\/\/catlife.be\/en\/product\/120g-yoggies-pate-kalkoen\/#breadcrumb","itemListElement":[{"@type":"ListItem","position":1,"name":"Home","item":"https:\/\/catlife.be\/en\/"},{"@type":"ListItem","position":2,"name":"Winkel","item":"https:\/\/catlife.be\/winkel\/"},{"@type":"ListItem","position":3,"name":"120g Yoggies pat\u00e9 &#8211; Kalkoen"}]},{"@type":"WebSite","@id":"https:\/\/catlife.be\/en\/#website","url":"https:\/\/catlife.be\/en\/","name":"Catlife","description":"","publisher":{"@id":"https:\/\/catlife.be\/en\/#organization"},"potentialAction":[{"@type":"SearchAction","target":{"@type":"EntryPoint","urlTemplate":"https:\/\/catlife.be\/en\/?s={search_term_string}"},"query-input":{"@type":"PropertyValueSpecification","valueRequired":true,"valueName":"search_term_string"}}],"inLanguage":"en-US"},{"@type":"Organization","@id":"https:\/\/catlife.be\/en\/#organization","name":"Catlife","url":"https:\/\/catlife.be\/en\/","logo":{"@type":"ImageObject","inLanguage":"en-US","@id":"https:\/\/catlife.be\/en\/#\/schema\/logo\/image\/","url":"https:\/\/catlife.be\/wp-content\/uploads\/2022\/07\/Catlife-transparent-ctverec.png","contentUrl":"https:\/\/catlife.be\/wp-content\/uploads\/2022\/07\/Catlife-transparent-ctverec.png","width":821,"height":835,"caption":"Catlife"},"image":{"@id":"https:\/\/catlife.be\/en\/#\/schema\/logo\/image\/"}}]}},"_links":{"self":[{"href":"https:\/\/catlife.be\/en\/wp-json\/wp\/v2\/product\/61083","targetHints":{"allow":["GET"]}}],"collection":[{"href":"https:\/\/catlife.be\/en\/wp-json\/wp\/v2\/product"}],"about":[{"href":"https:\/\/catlife.be\/en\/wp-json\/wp\/v2\/types\/product"}],"wp:featuredmedia":[{"embeddable":true,"href":"https:\/\/catlife.be\/en\/wp-json\/wp\/v2\/media\/61030"}],"wp:attachment":[{"href":"https:\/\/catlife.be\/en\/wp-json\/wp\/v2\/media?parent=61083"}],"wp:term":[{"taxonomy":"product_brand","embeddable":true,"href":"https:\/\/catlife.be\/en\/wp-json\/wp\/v2\/product_brand?post=61083"},{"taxonomy":"product_cat","embeddable":true,"href":"https:\/\/catlife.be\/en\/wp-json\/wp\/v2\/product_cat?post=61083"},{"taxonomy":"product_tag","embeddable":true,"href":"https:\/\/catlife.be\/en\/wp-json\/wp\/v2\/product_tag?post=61083"}],"curies":[{"name":"wp","href":"https:\/\/api.w.org\/{rel}","templated":true}]}}