{"id":55101,"date":"2025-10-08T21:37:15","date_gmt":"2025-10-08T20:37:15","guid":{"rendered":"https:\/\/catlife.be\/product\/falco-sense-cat-damhert-en-runderspieren-200-g\/"},"modified":"2026-04-01T14:24:14","modified_gmt":"2026-04-01T13:24:14","slug":"falco-sense-cat-damhert-en-runderspieren-200-g","status":"publish","type":"product","link":"https:\/\/catlife.be\/en\/product\/falco-sense-cat-damhert-en-runderspieren-200-g\/","title":{"rendered":"Falco SENSE Cat DAMHERT En Runderspieren 200 G"},"content":{"rendered":"<h2 class=\"h2\" style=\"margin-right: 0px;margin-bottom: 1.875rem;margin-left: 0px;font-weight: 700;line-height: 1.1875;padding: 0px;text-transform: uppercase;font-family: Anton, Helvetica, Arial, sans-serif;letter-spacing: 0.5px\"><font style=\"vertical-align: inherit\">FALCO SENSE CAT damhert en rundvlees 200g<\/font><\/h2>\n<div class=\"text text--1 color__brand--2\" style=\"font-size: 16px;line-height: 1.5;margin-bottom: 1.875rem;font-family: Roboto, Helvetica, Arial, sans-serif\">\n<p><span style=\"font-size: 11pt\"><span style=\"line-height: 15.6933px\"><span style=\"font-family: Calibri, sans-serif\"><span style=\"font-size: 12pt\"><span style=\"line-height: 17.12px\">Spieren bevatten veel essenti\u00eble aminozuren, ijzer en vitamine B2. Het bevat ook eiwitten, die de spiergroei bevorderen. Het ondersteunt de kauwspieren en is uitstekend voor de conditie en vacht. Het is gewoon vlees zonder ingewanden.<\/span><\/span><\/span><\/span><\/span><\/p>\n<p style=\"margin-bottom: 11px\"><span style=\"font-size: 11pt\"><span style=\"line-height: 15.6933px\"><span style=\"font-family: Calibri, sans-serif\"><span style=\"font-size: 12pt\"><span style=\"line-height: 17.12px\">Hertenvlees is een gemakkelijk verteerbaar vlees en zeer voedingsvriendelijk. Het bevat een minimum aan vet, maar is tegelijkertijd zeer voedingswaardevol. Het bevat belangrijke B-vitamines en mineralen zoals ijzer en fosfor. Het is rijk aan eiwitten, natrium en kalium.<\/span><\/span><\/span><\/span><\/span><\/p>\n<p style=\"margin-bottom: 11px\"><span style=\"font-size: 11pt\"><span style=\"line-height: 15.6933px\"><span style=\"font-family: Calibri, sans-serif\"><span style=\"font-size: 12pt\"><span style=\"line-height: 17.12px\">FALCO SENSE CAT blikvoer is geschikt voor alle leeftijden en alle rassen.<\/span><\/span><\/span><\/span><\/span><\/p>\n<p><span style=\"font-size: 11pt\"><span style=\"line-height: 15.6933px\"><span style=\"font-family: Calibri, sans-serif\"><span style=\"font-size: 12pt\"><span style=\"line-height: 17.12px\">Al onze producten zijn natuurlijk en bevatten geen kleurstoffen, smaakstoffen, conserveringsmiddelen, chemicali\u00ebn, granen, rijst of soja. De recepten zijn samengesteld door dierenarts en oprichter MVDr. Ji\u0159\u00ed Sokol.<\/span><\/span><\/span><\/span><\/span><\/p>\n<p><span style=\"font-size: 11pt\"><span style=\"line-height: 15.6933px\"><span style=\"font-family: Calibri, sans-serif\">FALCO blikvoer heeft een houdbaarheid van 3 jaar. Je kunt het ongeveer 7 dagen in de koelkast bewaren, of zo lang als je wilt.<\/span><\/span><\/span><\/p>\n<p><span style=\"font-size: 11pt\"><span style=\"line-height: 15.6933px\"><span style=\"font-family: Calibri, sans-serif\"><b>Ingredi\u00ebnten<\/b>: 50% damhert, 25% runderspier, 25% varkensspier<\/span><\/span><\/span><\/p>\n<p><span style=\"font-size: 11pt\"><span style=\"line-height: 15.6933px\"><span style=\"font-family: Calibri, sans-serif\"><b>Analytische bestanddelen<\/b>: ruw eiwit 15%, ruw vet 11%, ruwe celstof 0,5%, ruwe as 3%, vocht 70,5%, hoog natuurlijk gehalte aan vitamines (A, E, D) en aminozuren (lysine, methionine, cystine)<\/span><\/span><\/span><\/p>\n<p>\u00a0<\/p>\n<\/div>\n","protected":false},"excerpt":{"rendered":"<p>Het bestaat uit 50% gemalen damhertenvlees en 50% spierstukken. Ideaal voor gevoelige en kieskeurige katten.<\/p>\n","protected":false},"featured_media":55086,"template":"","meta":[],"product_brand":[1769],"product_cat":[],"product_tag":[],"class_list":{"0":"post-55101","1":"product","2":"type-product","3":"status-publish","4":"has-post-thumbnail","6":"product_brand-sokol-falco4","8":"first","9":"outofstock","10":"taxable","11":"shipping-taxable","12":"purchasable","13":"product-type-simple"},"yoast_head":"<!-- This site is optimized with the Yoast SEO plugin v26.9 - https:\/\/yoast.com\/product\/yoast-seo-wordpress\/ -->\n<title>Falco SENSE Cat DAMHERT En Runderspieren 200 G - Catlife<\/title>\n<meta name=\"robots\" content=\"index, follow, max-snippet:-1, max-image-preview:large, max-video-preview:-1\" \/>\n<link rel=\"canonical\" href=\"https:\/\/catlife.be\/en\/product\/falco-sense-cat-damhert-en-runderspieren-200-g\/\" \/>\n<meta property=\"og:locale\" content=\"en_US\" \/>\n<meta property=\"og:type\" content=\"article\" \/>\n<meta property=\"og:title\" content=\"Falco SENSE Cat DAMHERT En Runderspieren 200 G - Catlife\" \/>\n<meta property=\"og:description\" content=\"Het bestaat uit 50% gemalen damhertenvlees en 50% spierstukken. Ideaal voor gevoelige en kieskeurige katten.\" \/>\n<meta property=\"og:url\" content=\"https:\/\/catlife.be\/en\/product\/falco-sense-cat-damhert-en-runderspieren-200-g\/\" \/>\n<meta property=\"og:site_name\" content=\"Catlife\" \/>\n<meta property=\"article:modified_time\" content=\"2026-04-01T13:24:14+00:00\" \/>\n<meta name=\"twitter:card\" content=\"summary_large_image\" \/>\n<meta name=\"twitter:label1\" content=\"Est. reading time\" \/>\n\t<meta name=\"twitter:data1\" content=\"1 minute\" \/>\n<script type=\"application\/ld+json\" class=\"yoast-schema-graph\">{\"@context\":\"https:\/\/schema.org\",\"@graph\":[{\"@type\":\"WebPage\",\"@id\":\"https:\/\/catlife.be\/en\/product\/falco-sense-cat-damhert-en-runderspieren-200-g\/\",\"url\":\"https:\/\/catlife.be\/en\/product\/falco-sense-cat-damhert-en-runderspieren-200-g\/\",\"name\":\"Falco SENSE Cat DAMHERT En Runderspieren 200 G - Catlife\",\"isPartOf\":{\"@id\":\"https:\/\/catlife.be\/en\/#website\"},\"primaryImageOfPage\":{\"@id\":\"https:\/\/catlife.be\/en\/product\/falco-sense-cat-damhert-en-runderspieren-200-g\/#primaryimage\"},\"image\":{\"@id\":\"https:\/\/catlife.be\/en\/product\/falco-sense-cat-damhert-en-runderspieren-200-g\/#primaryimage\"},\"thumbnailUrl\":\"https:\/\/catlife.be\/wp-content\/uploads\/2025\/10\/Falco_SENSE_Cat_DAMHERT_En_Runderspieren_200_G.jpg\",\"datePublished\":\"2025-10-08T20:37:15+00:00\",\"dateModified\":\"2026-04-01T13:24:14+00:00\",\"breadcrumb\":{\"@id\":\"https:\/\/catlife.be\/en\/product\/falco-sense-cat-damhert-en-runderspieren-200-g\/#breadcrumb\"},\"inLanguage\":\"en-US\",\"potentialAction\":[{\"@type\":\"ReadAction\",\"target\":[\"https:\/\/catlife.be\/en\/product\/falco-sense-cat-damhert-en-runderspieren-200-g\/\"]}]},{\"@type\":\"ImageObject\",\"inLanguage\":\"en-US\",\"@id\":\"https:\/\/catlife.be\/en\/product\/falco-sense-cat-damhert-en-runderspieren-200-g\/#primaryimage\",\"url\":\"https:\/\/catlife.be\/wp-content\/uploads\/2025\/10\/Falco_SENSE_Cat_DAMHERT_En_Runderspieren_200_G.jpg\",\"contentUrl\":\"https:\/\/catlife.be\/wp-content\/uploads\/2025\/10\/Falco_SENSE_Cat_DAMHERT_En_Runderspieren_200_G.jpg\",\"width\":1080,\"height\":1080,\"caption\":\"Falco SENSE Cat DAMHERT En Runderspieren 200 G\"},{\"@type\":\"BreadcrumbList\",\"@id\":\"https:\/\/catlife.be\/en\/product\/falco-sense-cat-damhert-en-runderspieren-200-g\/#breadcrumb\",\"itemListElement\":[{\"@type\":\"ListItem\",\"position\":1,\"name\":\"Home\",\"item\":\"https:\/\/catlife.be\/en\/\"},{\"@type\":\"ListItem\",\"position\":2,\"name\":\"Winkel\",\"item\":\"https:\/\/catlife.be\/winkel\/\"},{\"@type\":\"ListItem\",\"position\":3,\"name\":\"Falco SENSE Cat DAMHERT En Runderspieren 200 G\"}]},{\"@type\":\"WebSite\",\"@id\":\"https:\/\/catlife.be\/en\/#website\",\"url\":\"https:\/\/catlife.be\/en\/\",\"name\":\"Catlife\",\"description\":\"\",\"publisher\":{\"@id\":\"https:\/\/catlife.be\/en\/#organization\"},\"potentialAction\":[{\"@type\":\"SearchAction\",\"target\":{\"@type\":\"EntryPoint\",\"urlTemplate\":\"https:\/\/catlife.be\/en\/?s={search_term_string}\"},\"query-input\":{\"@type\":\"PropertyValueSpecification\",\"valueRequired\":true,\"valueName\":\"search_term_string\"}}],\"inLanguage\":\"en-US\"},{\"@type\":\"Organization\",\"@id\":\"https:\/\/catlife.be\/en\/#organization\",\"name\":\"Catlife\",\"url\":\"https:\/\/catlife.be\/en\/\",\"logo\":{\"@type\":\"ImageObject\",\"inLanguage\":\"en-US\",\"@id\":\"https:\/\/catlife.be\/en\/#\/schema\/logo\/image\/\",\"url\":\"https:\/\/catlife.be\/wp-content\/uploads\/2022\/07\/Catlife-transparent-ctverec.png\",\"contentUrl\":\"https:\/\/catlife.be\/wp-content\/uploads\/2022\/07\/Catlife-transparent-ctverec.png\",\"width\":821,\"height\":835,\"caption\":\"Catlife\"},\"image\":{\"@id\":\"https:\/\/catlife.be\/en\/#\/schema\/logo\/image\/\"}}]}<\/script>\n<!-- \/ Yoast SEO plugin. -->","yoast_head_json":{"title":"Falco SENSE Cat DAMHERT En Runderspieren 200 G - Catlife","robots":{"index":"index","follow":"follow","max-snippet":"max-snippet:-1","max-image-preview":"max-image-preview:large","max-video-preview":"max-video-preview:-1"},"canonical":"https:\/\/catlife.be\/en\/product\/falco-sense-cat-damhert-en-runderspieren-200-g\/","og_locale":"en_US","og_type":"article","og_title":"Falco SENSE Cat DAMHERT En Runderspieren 200 G - Catlife","og_description":"Het bestaat uit 50% gemalen damhertenvlees en 50% spierstukken. Ideaal voor gevoelige en kieskeurige katten.","og_url":"https:\/\/catlife.be\/en\/product\/falco-sense-cat-damhert-en-runderspieren-200-g\/","og_site_name":"Catlife","article_modified_time":"2026-04-01T13:24:14+00:00","twitter_card":"summary_large_image","twitter_misc":{"Est. reading time":"1 minute"},"schema":{"@context":"https:\/\/schema.org","@graph":[{"@type":"WebPage","@id":"https:\/\/catlife.be\/en\/product\/falco-sense-cat-damhert-en-runderspieren-200-g\/","url":"https:\/\/catlife.be\/en\/product\/falco-sense-cat-damhert-en-runderspieren-200-g\/","name":"Falco SENSE Cat DAMHERT En Runderspieren 200 G - Catlife","isPartOf":{"@id":"https:\/\/catlife.be\/en\/#website"},"primaryImageOfPage":{"@id":"https:\/\/catlife.be\/en\/product\/falco-sense-cat-damhert-en-runderspieren-200-g\/#primaryimage"},"image":{"@id":"https:\/\/catlife.be\/en\/product\/falco-sense-cat-damhert-en-runderspieren-200-g\/#primaryimage"},"thumbnailUrl":"https:\/\/catlife.be\/wp-content\/uploads\/2025\/10\/Falco_SENSE_Cat_DAMHERT_En_Runderspieren_200_G.jpg","datePublished":"2025-10-08T20:37:15+00:00","dateModified":"2026-04-01T13:24:14+00:00","breadcrumb":{"@id":"https:\/\/catlife.be\/en\/product\/falco-sense-cat-damhert-en-runderspieren-200-g\/#breadcrumb"},"inLanguage":"en-US","potentialAction":[{"@type":"ReadAction","target":["https:\/\/catlife.be\/en\/product\/falco-sense-cat-damhert-en-runderspieren-200-g\/"]}]},{"@type":"ImageObject","inLanguage":"en-US","@id":"https:\/\/catlife.be\/en\/product\/falco-sense-cat-damhert-en-runderspieren-200-g\/#primaryimage","url":"https:\/\/catlife.be\/wp-content\/uploads\/2025\/10\/Falco_SENSE_Cat_DAMHERT_En_Runderspieren_200_G.jpg","contentUrl":"https:\/\/catlife.be\/wp-content\/uploads\/2025\/10\/Falco_SENSE_Cat_DAMHERT_En_Runderspieren_200_G.jpg","width":1080,"height":1080,"caption":"Falco SENSE Cat DAMHERT En Runderspieren 200 G"},{"@type":"BreadcrumbList","@id":"https:\/\/catlife.be\/en\/product\/falco-sense-cat-damhert-en-runderspieren-200-g\/#breadcrumb","itemListElement":[{"@type":"ListItem","position":1,"name":"Home","item":"https:\/\/catlife.be\/en\/"},{"@type":"ListItem","position":2,"name":"Winkel","item":"https:\/\/catlife.be\/winkel\/"},{"@type":"ListItem","position":3,"name":"Falco SENSE Cat DAMHERT En Runderspieren 200 G"}]},{"@type":"WebSite","@id":"https:\/\/catlife.be\/en\/#website","url":"https:\/\/catlife.be\/en\/","name":"Catlife","description":"","publisher":{"@id":"https:\/\/catlife.be\/en\/#organization"},"potentialAction":[{"@type":"SearchAction","target":{"@type":"EntryPoint","urlTemplate":"https:\/\/catlife.be\/en\/?s={search_term_string}"},"query-input":{"@type":"PropertyValueSpecification","valueRequired":true,"valueName":"search_term_string"}}],"inLanguage":"en-US"},{"@type":"Organization","@id":"https:\/\/catlife.be\/en\/#organization","name":"Catlife","url":"https:\/\/catlife.be\/en\/","logo":{"@type":"ImageObject","inLanguage":"en-US","@id":"https:\/\/catlife.be\/en\/#\/schema\/logo\/image\/","url":"https:\/\/catlife.be\/wp-content\/uploads\/2022\/07\/Catlife-transparent-ctverec.png","contentUrl":"https:\/\/catlife.be\/wp-content\/uploads\/2022\/07\/Catlife-transparent-ctverec.png","width":821,"height":835,"caption":"Catlife"},"image":{"@id":"https:\/\/catlife.be\/en\/#\/schema\/logo\/image\/"}}]}},"_links":{"self":[{"href":"https:\/\/catlife.be\/en\/wp-json\/wp\/v2\/product\/55101","targetHints":{"allow":["GET"]}}],"collection":[{"href":"https:\/\/catlife.be\/en\/wp-json\/wp\/v2\/product"}],"about":[{"href":"https:\/\/catlife.be\/en\/wp-json\/wp\/v2\/types\/product"}],"wp:featuredmedia":[{"embeddable":true,"href":"https:\/\/catlife.be\/en\/wp-json\/wp\/v2\/media\/55086"}],"wp:attachment":[{"href":"https:\/\/catlife.be\/en\/wp-json\/wp\/v2\/media?parent=55101"}],"wp:term":[{"taxonomy":"product_brand","embeddable":true,"href":"https:\/\/catlife.be\/en\/wp-json\/wp\/v2\/product_brand?post=55101"},{"taxonomy":"product_cat","embeddable":true,"href":"https:\/\/catlife.be\/en\/wp-json\/wp\/v2\/product_cat?post=55101"},{"taxonomy":"product_tag","embeddable":true,"href":"https:\/\/catlife.be\/en\/wp-json\/wp\/v2\/product_tag?post=55101"}],"curies":[{"name":"wp","href":"https:\/\/api.w.org\/{rel}","templated":true}]}}