{"id":51768,"date":"2025-10-08T20:00:00","date_gmt":"2025-10-08T19:00:00","guid":{"rendered":"https:\/\/catlife.be\/product\/fitmin-for-life-adult-lamb-18-kg\/"},"modified":"2026-03-31T11:21:35","modified_gmt":"2026-03-31T10:21:35","slug":"fitmin-for-life-adult-lamb-18-kg","status":"publish","type":"product","link":"https:\/\/catlife.be\/en\/product\/fitmin-for-life-adult-lamb-18-kg\/","title":{"rendered":"Fitmin For Life Adult Lamb &#8211; 1,8 kg"},"content":{"rendered":"<h1 style=\"margin-top: 0.5rem;margin-bottom: 1rem;font-family: Lato, sans-serif\">Katten \u2013 Fitmin For Life Volwassen &#8211; LAM<\/h1>\n<h3 style=\"margin-top: 0.5rem;margin-bottom: 1rem;font-family: Lato, sans-serif\">Voordelen<\/h3>\n<p style=\"margin-bottom: 0.9rem;font-family: Lato, sans-serif;font-size: 16px\">\u2022 Bevat 84% dierlijke eiwitten<\/p>\n<p style=\"margin-bottom: 0.9rem;font-family: Lato, sans-serif;font-size: 16px\">\u2022 Hoge smakelijkheid \u2013 91% van de fokkers was tevreden over de reactie van hun katten op het nieuwe voer. De katten accepteerden het nieuwe voer enthousiast, beter of zelfs even goed als het huidige voer. 100% van de fokkers zou het voer aanbevelen aan hun vrienden.<\/p>\n<p style=\"margin-bottom: 0.9rem;font-family: Lato, sans-serif;font-size: 16px\">\u2022 Vers vlees staat garant voor de hoge kwaliteit van onze producten. Deze grondstof zorgt ook voor de smakelijkheid van het voer.<\/p>\n<p style=\"margin-bottom: 0.9rem;font-family: Lato, sans-serif;font-size: 16px\">\u2022 Het Dental Care Complex werkt op basis van antibacteri\u00eble bescherming in de mondholte, beschermt de tanden tegen tandplak en voorkomt zo de vorming van tandsteen.<\/p>\n<p style=\"margin-bottom: 0.9rem;font-family: Lato, sans-serif;font-size: 16px\"><span>\u2022 Lam is een uitstekende bron van B-vitamines, die essentieel zijn voor stofwisselingsreacties in het lichaam (bijv. B12 en thiamine).\u00a0<\/span><span style=\"font-size: 1.75rem\">Ingredi\u00ebnten<\/span><\/p>\n<p style=\"margin-bottom: 0.9rem;font-family: Lato, sans-serif;font-size: 16px\"><\/p>\n<p style=\"margin-bottom: 0.9rem;font-family: Lato, sans-serif;font-size: 16px\">Vlees (gedroogde kip 29%, vers lamsvlees en orgaanvlees 20%, gedroogd lamsvlees 5%, gehydrolyseerd kippeneiwit 3,8%), rijst, pluimveevet, haver, bietenpulp, erwten, appelpulp, zalmolie 1,3%, gist, lijnzaad, ge\u00efnactiveerde gist van het geslacht Saccharomyces cerevisiae (b\u00e8ta-glucanen) 0,7%, kaliumchloride, cichoreiwortel, Perna-mosselen, glucosamine, chondro\u00eftinesulfaat, yucca 0,01%.<\/p>\n<p style=\"margin-bottom: 0.9rem;font-family: Lato, sans-serif;font-size: 16px\"><\/p>\n<h3 style=\"margin-top: 0.5rem;margin-bottom: 1rem;font-family: Lato, sans-serif\">Analytische componenten<\/h3>\n<p style=\"margin-bottom: 0.9rem;font-family: Lato, sans-serif;font-size: 16px\"><\/p>\n<p style=\"margin-bottom: 0.9rem;font-family: Lato, sans-serif;font-size: 16px\">Ruw eiwit 32%, ruwe oli\u00ebn en vetten 17,5%, ruwe celstof 2,5%, ruwe as 6,7%, calcium 1,3%, fosfor 0,9%, natrium 0,36%, magnesium 0,09%.<\/p>\n<p style=\"margin-bottom: 0.9rem;font-family: Lato, sans-serif;font-size: 16px\"><\/p>\n<h3 style=\"margin-top: 0.5rem;margin-bottom: 1rem;font-family: Lato, sans-serif\">Additieven\/1 kg<\/h3>\n<p style=\"margin-bottom: 0.9rem;font-family: Lato, sans-serif;font-size: 16px\">Spoorelementen: ijzer 171 mg (aangevuld met ijzerchelaat en aminozuren n-hydraat), koper 17 mg (aangevuld met koperchelaat en aminozuren n-hydraat), mangaan 46 mg (aangevuld met mangaanchelaat en aminozuren n-hydraat) Zink 141 mg (aangevuld zinkchelaat en aminozuur n-hydraat), selenium 0,5 mg (aangevuld met een organische vorm van selenium geproduceerd door Saccharomyces cerevisiae CNCM I-3060), jodium 2,6 mg (aangevuld met watervrij calciumjodaat); vitaminen, provitaminen en chemisch gedefinieerde stoffen met vergelijkbare werking: vit. A 20760 m.j., vit. D3 1260 m.j., vit. E (RRR-alfa-tocoferol) 257 mg, vit. B1 12,5 mg, vit. B2 25,5 mg, vit. B6 14 mg, vit. B12 144 \u00b5g, vit. C 121,5 mg, niacinamide 115 mg, calciumpantothenaat 39 mg, foliumzuur 4,4 mg, biotine 1,2 mg, cholinechloride 2075 mg, taurine 2000 mg; aminozuren: methionine (aangevuld met DL-methionine) 7389 mg; antioxidanten goedgekeurd door de EU.<\/p>\n<h3 style=\"margin-top: 0.5rem;margin-bottom: 1rem;font-family: Lato, sans-serif\">Dosering<\/h3>\n<p style=\"margin-bottom: 0.9rem;font-family: Lato, sans-serif;font-size: 16px\">De dosering is de dagelijkse voedingsdosis voor de huidige leeftijd en het volwassen gewicht van de kat.<\/p>\n<p style=\"margin-bottom: 0.9rem;font-family: Lato, sans-serif;font-size: 16px\"><\/p>\n<p style=\"margin-bottom: 0.9rem;font-family: Lato, sans-serif;font-size: 16px\"><img decoding=\"async\" class=\"alignnone size-full wp-image-11817\" src=\"https:\/\/doglife.be\/wp-content\/uploads\/2024\/05\/dosering-FFL-fish-chicken.jpg\" alt=\"\" width=\"625\" height=\"69\" style=\"height: auto;border-width: initial;border-color: initial;border-radius: 0px;box-shadow: none\"><\/p>\n","protected":false},"excerpt":{"rendered":"<p>Kattenvoer uit het Fitmin For Life assortiment bevat een uitgebalanceerd aandeel mineralen, vitamines en prebiotica met een tandverzorgingscomplex ter bescherming van de mondholte.<\/p>\n","protected":false},"featured_media":60213,"template":"","meta":[],"product_brand":[1779],"product_cat":[],"product_tag":[],"class_list":{"0":"post-51768","1":"product","2":"type-product","3":"status-publish","4":"has-post-thumbnail","6":"product_brand-fitmin17","8":"first","9":"instock","10":"taxable","11":"shipping-taxable","12":"purchasable","13":"product-type-simple"},"yoast_head":"<!-- This site is optimized with the Yoast SEO plugin v26.9 - https:\/\/yoast.com\/product\/yoast-seo-wordpress\/ -->\n<title>Fitmin For Life Adult Lamb - 1,8 kg - Catlife<\/title>\n<meta name=\"robots\" content=\"index, follow, max-snippet:-1, max-image-preview:large, max-video-preview:-1\" \/>\n<link rel=\"canonical\" href=\"https:\/\/catlife.be\/en\/product\/fitmin-for-life-adult-lamb-18-kg\/\" \/>\n<meta property=\"og:locale\" content=\"en_US\" \/>\n<meta property=\"og:type\" content=\"article\" \/>\n<meta property=\"og:title\" content=\"Fitmin For Life Adult Lamb - 1,8 kg - Catlife\" \/>\n<meta property=\"og:description\" content=\"Kattenvoer uit het Fitmin For Life assortiment bevat een uitgebalanceerd aandeel mineralen, vitamines en prebiotica met een tandverzorgingscomplex ter bescherming van de mondholte.\" \/>\n<meta property=\"og:url\" content=\"https:\/\/catlife.be\/en\/product\/fitmin-for-life-adult-lamb-18-kg\/\" \/>\n<meta property=\"og:site_name\" content=\"Catlife\" \/>\n<meta property=\"article:modified_time\" content=\"2026-03-31T10:21:35+00:00\" \/>\n<meta name=\"twitter:card\" content=\"summary_large_image\" \/>\n<meta name=\"twitter:label1\" content=\"Est. reading time\" \/>\n\t<meta name=\"twitter:data1\" content=\"2 minutes\" \/>\n<script type=\"application\/ld+json\" class=\"yoast-schema-graph\">{\"@context\":\"https:\/\/schema.org\",\"@graph\":[{\"@type\":\"WebPage\",\"@id\":\"https:\/\/catlife.be\/en\/product\/fitmin-for-life-adult-lamb-18-kg\/\",\"url\":\"https:\/\/catlife.be\/en\/product\/fitmin-for-life-adult-lamb-18-kg\/\",\"name\":\"Fitmin For Life Adult Lamb - 1,8 kg - Catlife\",\"isPartOf\":{\"@id\":\"https:\/\/catlife.be\/en\/#website\"},\"primaryImageOfPage\":{\"@id\":\"https:\/\/catlife.be\/en\/product\/fitmin-for-life-adult-lamb-18-kg\/#primaryimage\"},\"image\":{\"@id\":\"https:\/\/catlife.be\/en\/product\/fitmin-for-life-adult-lamb-18-kg\/#primaryimage\"},\"thumbnailUrl\":\"https:\/\/catlife.be\/wp-content\/uploads\/2025\/12\/fitmin_for_life_adult_lamb_-_18_kg_4612.jpg\",\"datePublished\":\"2025-10-08T19:00:00+00:00\",\"dateModified\":\"2026-03-31T10:21:35+00:00\",\"breadcrumb\":{\"@id\":\"https:\/\/catlife.be\/en\/product\/fitmin-for-life-adult-lamb-18-kg\/#breadcrumb\"},\"inLanguage\":\"en-US\",\"potentialAction\":[{\"@type\":\"ReadAction\",\"target\":[\"https:\/\/catlife.be\/en\/product\/fitmin-for-life-adult-lamb-18-kg\/\"]}]},{\"@type\":\"ImageObject\",\"inLanguage\":\"en-US\",\"@id\":\"https:\/\/catlife.be\/en\/product\/fitmin-for-life-adult-lamb-18-kg\/#primaryimage\",\"url\":\"https:\/\/catlife.be\/wp-content\/uploads\/2025\/12\/fitmin_for_life_adult_lamb_-_18_kg_4612.jpg\",\"contentUrl\":\"https:\/\/catlife.be\/wp-content\/uploads\/2025\/12\/fitmin_for_life_adult_lamb_-_18_kg_4612.jpg\",\"width\":1120,\"height\":1200,\"caption\":\"Fitmin For Life Adult Lamb - 1,8 kg\"},{\"@type\":\"BreadcrumbList\",\"@id\":\"https:\/\/catlife.be\/en\/product\/fitmin-for-life-adult-lamb-18-kg\/#breadcrumb\",\"itemListElement\":[{\"@type\":\"ListItem\",\"position\":1,\"name\":\"Home\",\"item\":\"https:\/\/catlife.be\/en\/\"},{\"@type\":\"ListItem\",\"position\":2,\"name\":\"Winkel\",\"item\":\"https:\/\/catlife.be\/winkel\/\"},{\"@type\":\"ListItem\",\"position\":3,\"name\":\"Fitmin For Life Adult Lamb &#8211; 1,8 kg\"}]},{\"@type\":\"WebSite\",\"@id\":\"https:\/\/catlife.be\/en\/#website\",\"url\":\"https:\/\/catlife.be\/en\/\",\"name\":\"Catlife\",\"description\":\"\",\"publisher\":{\"@id\":\"https:\/\/catlife.be\/en\/#organization\"},\"potentialAction\":[{\"@type\":\"SearchAction\",\"target\":{\"@type\":\"EntryPoint\",\"urlTemplate\":\"https:\/\/catlife.be\/en\/?s={search_term_string}\"},\"query-input\":{\"@type\":\"PropertyValueSpecification\",\"valueRequired\":true,\"valueName\":\"search_term_string\"}}],\"inLanguage\":\"en-US\"},{\"@type\":\"Organization\",\"@id\":\"https:\/\/catlife.be\/en\/#organization\",\"name\":\"Catlife\",\"url\":\"https:\/\/catlife.be\/en\/\",\"logo\":{\"@type\":\"ImageObject\",\"inLanguage\":\"en-US\",\"@id\":\"https:\/\/catlife.be\/en\/#\/schema\/logo\/image\/\",\"url\":\"https:\/\/catlife.be\/wp-content\/uploads\/2022\/07\/Catlife-transparent-ctverec.png\",\"contentUrl\":\"https:\/\/catlife.be\/wp-content\/uploads\/2022\/07\/Catlife-transparent-ctverec.png\",\"width\":821,\"height\":835,\"caption\":\"Catlife\"},\"image\":{\"@id\":\"https:\/\/catlife.be\/en\/#\/schema\/logo\/image\/\"}}]}<\/script>\n<!-- \/ Yoast SEO plugin. -->","yoast_head_json":{"title":"Fitmin For Life Adult Lamb - 1,8 kg - Catlife","robots":{"index":"index","follow":"follow","max-snippet":"max-snippet:-1","max-image-preview":"max-image-preview:large","max-video-preview":"max-video-preview:-1"},"canonical":"https:\/\/catlife.be\/en\/product\/fitmin-for-life-adult-lamb-18-kg\/","og_locale":"en_US","og_type":"article","og_title":"Fitmin For Life Adult Lamb - 1,8 kg - Catlife","og_description":"Kattenvoer uit het Fitmin For Life assortiment bevat een uitgebalanceerd aandeel mineralen, vitamines en prebiotica met een tandverzorgingscomplex ter bescherming van de mondholte.","og_url":"https:\/\/catlife.be\/en\/product\/fitmin-for-life-adult-lamb-18-kg\/","og_site_name":"Catlife","article_modified_time":"2026-03-31T10:21:35+00:00","twitter_card":"summary_large_image","twitter_misc":{"Est. reading time":"2 minutes"},"schema":{"@context":"https:\/\/schema.org","@graph":[{"@type":"WebPage","@id":"https:\/\/catlife.be\/en\/product\/fitmin-for-life-adult-lamb-18-kg\/","url":"https:\/\/catlife.be\/en\/product\/fitmin-for-life-adult-lamb-18-kg\/","name":"Fitmin For Life Adult Lamb - 1,8 kg - Catlife","isPartOf":{"@id":"https:\/\/catlife.be\/en\/#website"},"primaryImageOfPage":{"@id":"https:\/\/catlife.be\/en\/product\/fitmin-for-life-adult-lamb-18-kg\/#primaryimage"},"image":{"@id":"https:\/\/catlife.be\/en\/product\/fitmin-for-life-adult-lamb-18-kg\/#primaryimage"},"thumbnailUrl":"https:\/\/catlife.be\/wp-content\/uploads\/2025\/12\/fitmin_for_life_adult_lamb_-_18_kg_4612.jpg","datePublished":"2025-10-08T19:00:00+00:00","dateModified":"2026-03-31T10:21:35+00:00","breadcrumb":{"@id":"https:\/\/catlife.be\/en\/product\/fitmin-for-life-adult-lamb-18-kg\/#breadcrumb"},"inLanguage":"en-US","potentialAction":[{"@type":"ReadAction","target":["https:\/\/catlife.be\/en\/product\/fitmin-for-life-adult-lamb-18-kg\/"]}]},{"@type":"ImageObject","inLanguage":"en-US","@id":"https:\/\/catlife.be\/en\/product\/fitmin-for-life-adult-lamb-18-kg\/#primaryimage","url":"https:\/\/catlife.be\/wp-content\/uploads\/2025\/12\/fitmin_for_life_adult_lamb_-_18_kg_4612.jpg","contentUrl":"https:\/\/catlife.be\/wp-content\/uploads\/2025\/12\/fitmin_for_life_adult_lamb_-_18_kg_4612.jpg","width":1120,"height":1200,"caption":"Fitmin For Life Adult Lamb - 1,8 kg"},{"@type":"BreadcrumbList","@id":"https:\/\/catlife.be\/en\/product\/fitmin-for-life-adult-lamb-18-kg\/#breadcrumb","itemListElement":[{"@type":"ListItem","position":1,"name":"Home","item":"https:\/\/catlife.be\/en\/"},{"@type":"ListItem","position":2,"name":"Winkel","item":"https:\/\/catlife.be\/winkel\/"},{"@type":"ListItem","position":3,"name":"Fitmin For Life Adult Lamb &#8211; 1,8 kg"}]},{"@type":"WebSite","@id":"https:\/\/catlife.be\/en\/#website","url":"https:\/\/catlife.be\/en\/","name":"Catlife","description":"","publisher":{"@id":"https:\/\/catlife.be\/en\/#organization"},"potentialAction":[{"@type":"SearchAction","target":{"@type":"EntryPoint","urlTemplate":"https:\/\/catlife.be\/en\/?s={search_term_string}"},"query-input":{"@type":"PropertyValueSpecification","valueRequired":true,"valueName":"search_term_string"}}],"inLanguage":"en-US"},{"@type":"Organization","@id":"https:\/\/catlife.be\/en\/#organization","name":"Catlife","url":"https:\/\/catlife.be\/en\/","logo":{"@type":"ImageObject","inLanguage":"en-US","@id":"https:\/\/catlife.be\/en\/#\/schema\/logo\/image\/","url":"https:\/\/catlife.be\/wp-content\/uploads\/2022\/07\/Catlife-transparent-ctverec.png","contentUrl":"https:\/\/catlife.be\/wp-content\/uploads\/2022\/07\/Catlife-transparent-ctverec.png","width":821,"height":835,"caption":"Catlife"},"image":{"@id":"https:\/\/catlife.be\/en\/#\/schema\/logo\/image\/"}}]}},"_links":{"self":[{"href":"https:\/\/catlife.be\/en\/wp-json\/wp\/v2\/product\/51768","targetHints":{"allow":["GET"]}}],"collection":[{"href":"https:\/\/catlife.be\/en\/wp-json\/wp\/v2\/product"}],"about":[{"href":"https:\/\/catlife.be\/en\/wp-json\/wp\/v2\/types\/product"}],"wp:featuredmedia":[{"embeddable":true,"href":"https:\/\/catlife.be\/en\/wp-json\/wp\/v2\/media\/60213"}],"wp:attachment":[{"href":"https:\/\/catlife.be\/en\/wp-json\/wp\/v2\/media?parent=51768"}],"wp:term":[{"taxonomy":"product_brand","embeddable":true,"href":"https:\/\/catlife.be\/en\/wp-json\/wp\/v2\/product_brand?post=51768"},{"taxonomy":"product_cat","embeddable":true,"href":"https:\/\/catlife.be\/en\/wp-json\/wp\/v2\/product_cat?post=51768"},{"taxonomy":"product_tag","embeddable":true,"href":"https:\/\/catlife.be\/en\/wp-json\/wp\/v2\/product_tag?post=51768"}],"curies":[{"name":"wp","href":"https:\/\/api.w.org\/{rel}","templated":true}]}}