{"id":58058,"date":"2025-10-21T14:36:33","date_gmt":"2025-10-21T13:36:33","guid":{"rendered":"https:\/\/catlife.be\/product\/max-deluxe-kipfile-400g\/"},"modified":"2025-10-21T14:36:33","modified_gmt":"2025-10-21T13:36:33","slug":"max-deluxe-kipfile-400g","status":"publish","type":"product","link":"https:\/\/catlife.be\/de\/produkt\/max-deluxe-kipfile-400g\/","title":{"rendered":"MAX deluxe kipfile 400g"},"content":{"rendered":"<h2 class=\"h2\" style=\"margin-right: 0px;margin-bottom: 1.875rem;margin-left: 0px;font-family: Anton, Helvetica, Arial, sans-serif;font-weight: 700;line-height: 1.1875;padding: 0px;text-transform: uppercase;letter-spacing: 0.5px\"><font style=\"vertical-align: inherit\">MAX kipfilet 400g<\/font><\/h2>\n<div class=\"text text--1 color__brand--2\" style=\"font-size: 16px;line-height: 1.5;margin-bottom: 1.875rem;font-family: Roboto, Helvetica, Arial, sans-serif\">\n<p><span style=\"font-size: 11pt\"><span style=\"line-height: 15.6933px\"><span style=\"font-family: Calibri, sans-serif\"><span style=\"font-size: 12pt\"><span style=\"line-height: 17.12px\">De blikvoeding uit de MAX-serie heeft een uitstekende voedingswaarde en bevat veel magnesium, wat de goede werking van spieren en zenuwen bevordert. Daarnaast bevat het voer natrium en calcium, wat een positief effect heeft op de versterking van de botten en gewrichten. Alles is in natuurlijke vorm.<\/span><\/span><\/span><\/span><\/span><\/p>\n<p><span style=\"font-size: 11pt\"><span style=\"line-height: 15.6933px\"><span style=\"font-family: Calibri, sans-serif\"><span style=\"font-size: 12pt\"><span style=\"line-height: 17.12px\">Het bevat kippenspierweefsel, dat rijk is aan essenti\u00eble aminozuren, ijzer en vitamine B2. Het bevat ook eiwitten, die de spiergroei bevorderen. Het ondersteunt de kauwspieren en is uitstekend voor de conditie en vacht.<\/span><\/span><\/span><\/span><\/span><\/p>\n<p><span style=\"font-size: 11pt\"><span style=\"line-height: 15.6933px\"><span style=\"font-family: Calibri, sans-serif\"><span style=\"font-size: 12pt\"><span style=\"line-height: 17.12px\">De grote verpakking bevat 15 blikken vol voedzame vleesstukjes voor uw trouwe viervoeter.<\/span><\/span><\/span><\/span><\/span><\/p>\n<p><span style=\"font-size: 11pt\"><span style=\"line-height: 15.6933px\"><span style=\"font-family: Calibri, sans-serif\"><span style=\"font-size: 12pt\"><span style=\"line-height: 17.12px\">Het blikvoer uit de MAX-serie is geschikt voor alle leeftijden en alle rassen.<\/span><\/span><\/span><\/span><\/span><\/p>\n<p><span style=\"font-size: 11pt\"><span style=\"line-height: 15.6933px\"><span style=\"font-family: Calibri, sans-serif\"><span style=\"font-size: 12pt\"><span style=\"line-height: 17.12px\">Al onze producten zijn natuurlijk en bevatten geen kleurstoffen, smaakstoffen, conserveringsmiddelen, chemicali\u00ebn, granen, rijst of soja. De recepten zijn samengesteld door dierenarts en oprichter MVDr. Ji\u0159\u00ed Sokol.<\/span><\/span><\/span><\/span><\/span><\/p>\n<p><span style=\"font-size: 11pt\"><span style=\"line-height: 15.6933px\"><span style=\"font-family: Calibri, sans-serif\">FALCO blikvoer heeft een houdbaarheid van 3 jaar. Bovendien zijn ze voorzien van een transparant plastic deksel dat het vlees in blik vers houdt en voorkomt dat er nare geurtjes in de koelkast ontstaan. Je kunt het ongeveer 7 dagen in de koelkast bewaren, of zo lang als je wilt.<\/span><\/span><\/span><\/p>\n<p><span style=\"font-size: 11pt\"><span style=\"line-height: 15.6933px\"><span style=\"font-family: Calibri, sans-serif\"><span style=\"font-weight: bolder\">Ingredi\u00ebnten:<\/span>\u00a0kippenspier zonder bot\u00a0<\/span><\/span><\/span><\/p>\n<p><span style=\"font-size: 11pt\"><span style=\"line-height: 15.6933px\"><span style=\"font-family: Calibri, sans-serif\"><span style=\"font-weight: bolder\">Analytische bestanddelen<\/span>: ruw eiwit 16%, ruw vet 11%, ruwe celstof 0,5%, ruwe as 2,5%, vocht 70%, hoog natuurlijk gehalte aan vitamines (A, E, D) en aminozuren (lysine, methionine, cystine)<\/span><\/span><\/span><\/p>\n<\/div>\n","protected":false},"excerpt":{"rendered":"<p>1De beste selectie vleessoorten. Het blikvlees bestaat uit 100% mager kippenvlees zonder bot.<\/p>\n","protected":false},"featured_media":0,"template":"","meta":[],"product_brand":[1769],"product_cat":[2037],"product_tag":[],"class_list":{"0":"post-58058","1":"product","2":"type-product","3":"status-publish","5":"product_brand-sokol-falco4","6":"product_cat-katten","8":"first","9":"instock","10":"taxable","11":"shipping-taxable","12":"purchasable","13":"product-type-simple"},"yoast_head":"<!-- This site is optimized with the Yoast SEO plugin v26.9 - https:\/\/yoast.com\/product\/yoast-seo-wordpress\/ -->\n<title>MAX deluxe kipfile 400g - Catlife<\/title>\n<meta name=\"robots\" content=\"index, follow, max-snippet:-1, max-image-preview:large, max-video-preview:-1\" \/>\n<link rel=\"canonical\" href=\"https:\/\/catlife.be\/de\/produkt\/max-deluxe-kipfile-400g\/\" \/>\n<meta property=\"og:locale\" content=\"de_DE\" \/>\n<meta property=\"og:type\" content=\"article\" \/>\n<meta property=\"og:title\" content=\"MAX deluxe kipfile 400g - Catlife\" \/>\n<meta property=\"og:description\" content=\"1De beste selectie vleessoorten. Het blikvlees bestaat uit 100% mager kippenvlees zonder bot.\" \/>\n<meta property=\"og:url\" content=\"https:\/\/catlife.be\/de\/produkt\/max-deluxe-kipfile-400g\/\" \/>\n<meta property=\"og:site_name\" content=\"Catlife\" \/>\n<meta name=\"twitter:card\" content=\"summary_large_image\" \/>\n<meta name=\"twitter:label1\" content=\"Est. reading time\" \/>\n\t<meta name=\"twitter:data1\" content=\"1 minute\" \/>\n<script type=\"application\/ld+json\" class=\"yoast-schema-graph\">{\"@context\":\"https:\/\/schema.org\",\"@graph\":[{\"@type\":\"WebPage\",\"@id\":\"https:\/\/catlife.be\/de\/produkt\/max-deluxe-kipfile-400g\/\",\"url\":\"https:\/\/catlife.be\/de\/produkt\/max-deluxe-kipfile-400g\/\",\"name\":\"MAX deluxe kipfile 400g - Catlife\",\"isPartOf\":{\"@id\":\"https:\/\/catlife.be\/de\/#website\"},\"datePublished\":\"2025-10-21T13:36:33+00:00\",\"breadcrumb\":{\"@id\":\"https:\/\/catlife.be\/de\/produkt\/max-deluxe-kipfile-400g\/#breadcrumb\"},\"inLanguage\":\"de-DE\",\"potentialAction\":[{\"@type\":\"ReadAction\",\"target\":[\"https:\/\/catlife.be\/de\/produkt\/max-deluxe-kipfile-400g\/\"]}]},{\"@type\":\"BreadcrumbList\",\"@id\":\"https:\/\/catlife.be\/de\/produkt\/max-deluxe-kipfile-400g\/#breadcrumb\",\"itemListElement\":[{\"@type\":\"ListItem\",\"position\":1,\"name\":\"Home\",\"item\":\"https:\/\/catlife.be\/de\/\"},{\"@type\":\"ListItem\",\"position\":2,\"name\":\"Winkel\",\"item\":\"https:\/\/catlife.be\/winkel\/\"},{\"@type\":\"ListItem\",\"position\":3,\"name\":\"MAX deluxe kipfile 400g\"}]},{\"@type\":\"WebSite\",\"@id\":\"https:\/\/catlife.be\/de\/#website\",\"url\":\"https:\/\/catlife.be\/de\/\",\"name\":\"Catlife\",\"description\":\"\",\"publisher\":{\"@id\":\"https:\/\/catlife.be\/de\/#organization\"},\"potentialAction\":[{\"@type\":\"SearchAction\",\"target\":{\"@type\":\"EntryPoint\",\"urlTemplate\":\"https:\/\/catlife.be\/de\/?s={search_term_string}\"},\"query-input\":{\"@type\":\"PropertyValueSpecification\",\"valueRequired\":true,\"valueName\":\"search_term_string\"}}],\"inLanguage\":\"de-DE\"},{\"@type\":\"Organization\",\"@id\":\"https:\/\/catlife.be\/de\/#organization\",\"name\":\"Catlife\",\"url\":\"https:\/\/catlife.be\/de\/\",\"logo\":{\"@type\":\"ImageObject\",\"inLanguage\":\"de-DE\",\"@id\":\"https:\/\/catlife.be\/de\/#\/schema\/logo\/image\/\",\"url\":\"https:\/\/catlife.be\/wp-content\/uploads\/2022\/07\/Catlife-transparent-ctverec.png\",\"contentUrl\":\"https:\/\/catlife.be\/wp-content\/uploads\/2022\/07\/Catlife-transparent-ctverec.png\",\"width\":821,\"height\":835,\"caption\":\"Catlife\"},\"image\":{\"@id\":\"https:\/\/catlife.be\/de\/#\/schema\/logo\/image\/\"}}]}<\/script>\n<!-- \/ Yoast SEO plugin. -->","yoast_head_json":{"title":"MAX deluxe kipfile 400g - Catlife","robots":{"index":"index","follow":"follow","max-snippet":"max-snippet:-1","max-image-preview":"max-image-preview:large","max-video-preview":"max-video-preview:-1"},"canonical":"https:\/\/catlife.be\/de\/produkt\/max-deluxe-kipfile-400g\/","og_locale":"de_DE","og_type":"article","og_title":"MAX deluxe kipfile 400g - Catlife","og_description":"1De beste selectie vleessoorten. Het blikvlees bestaat uit 100% mager kippenvlees zonder bot.","og_url":"https:\/\/catlife.be\/de\/produkt\/max-deluxe-kipfile-400g\/","og_site_name":"Catlife","twitter_card":"summary_large_image","twitter_misc":{"Est. reading time":"1 minute"},"schema":{"@context":"https:\/\/schema.org","@graph":[{"@type":"WebPage","@id":"https:\/\/catlife.be\/de\/produkt\/max-deluxe-kipfile-400g\/","url":"https:\/\/catlife.be\/de\/produkt\/max-deluxe-kipfile-400g\/","name":"MAX deluxe kipfile 400g - Catlife","isPartOf":{"@id":"https:\/\/catlife.be\/de\/#website"},"datePublished":"2025-10-21T13:36:33+00:00","breadcrumb":{"@id":"https:\/\/catlife.be\/de\/produkt\/max-deluxe-kipfile-400g\/#breadcrumb"},"inLanguage":"de-DE","potentialAction":[{"@type":"ReadAction","target":["https:\/\/catlife.be\/de\/produkt\/max-deluxe-kipfile-400g\/"]}]},{"@type":"BreadcrumbList","@id":"https:\/\/catlife.be\/de\/produkt\/max-deluxe-kipfile-400g\/#breadcrumb","itemListElement":[{"@type":"ListItem","position":1,"name":"Home","item":"https:\/\/catlife.be\/de\/"},{"@type":"ListItem","position":2,"name":"Winkel","item":"https:\/\/catlife.be\/winkel\/"},{"@type":"ListItem","position":3,"name":"MAX deluxe kipfile 400g"}]},{"@type":"WebSite","@id":"https:\/\/catlife.be\/de\/#website","url":"https:\/\/catlife.be\/de\/","name":"Catlife","description":"","publisher":{"@id":"https:\/\/catlife.be\/de\/#organization"},"potentialAction":[{"@type":"SearchAction","target":{"@type":"EntryPoint","urlTemplate":"https:\/\/catlife.be\/de\/?s={search_term_string}"},"query-input":{"@type":"PropertyValueSpecification","valueRequired":true,"valueName":"search_term_string"}}],"inLanguage":"de-DE"},{"@type":"Organization","@id":"https:\/\/catlife.be\/de\/#organization","name":"Catlife","url":"https:\/\/catlife.be\/de\/","logo":{"@type":"ImageObject","inLanguage":"de-DE","@id":"https:\/\/catlife.be\/de\/#\/schema\/logo\/image\/","url":"https:\/\/catlife.be\/wp-content\/uploads\/2022\/07\/Catlife-transparent-ctverec.png","contentUrl":"https:\/\/catlife.be\/wp-content\/uploads\/2022\/07\/Catlife-transparent-ctverec.png","width":821,"height":835,"caption":"Catlife"},"image":{"@id":"https:\/\/catlife.be\/de\/#\/schema\/logo\/image\/"}}]}},"_links":{"self":[{"href":"https:\/\/catlife.be\/de\/wp-json\/wp\/v2\/product\/58058","targetHints":{"allow":["GET"]}}],"collection":[{"href":"https:\/\/catlife.be\/de\/wp-json\/wp\/v2\/product"}],"about":[{"href":"https:\/\/catlife.be\/de\/wp-json\/wp\/v2\/types\/product"}],"wp:attachment":[{"href":"https:\/\/catlife.be\/de\/wp-json\/wp\/v2\/media?parent=58058"}],"wp:term":[{"taxonomy":"product_brand","embeddable":true,"href":"https:\/\/catlife.be\/de\/wp-json\/wp\/v2\/product_brand?post=58058"},{"taxonomy":"product_cat","embeddable":true,"href":"https:\/\/catlife.be\/de\/wp-json\/wp\/v2\/product_cat?post=58058"},{"taxonomy":"product_tag","embeddable":true,"href":"https:\/\/catlife.be\/de\/wp-json\/wp\/v2\/product_tag?post=58058"}],"curies":[{"name":"wp","href":"https:\/\/api.w.org\/{rel}","templated":true}]}}