{"id":43675,"date":"2025-10-04T06:53:23","date_gmt":"2025-10-04T05:53:23","guid":{"rendered":"https:\/\/catlife.be\/product\/vlees-voor-b-a-r-f-kippenbillen-1-kg-diepgevroren\/"},"modified":"2026-04-14T16:32:16","modified_gmt":"2026-04-14T15:32:16","slug":"vlees-voor-b-a-r-f-kippenbillen-1-kg-diepgevroren","status":"publish","type":"product","link":"https:\/\/catlife.be\/de\/produkt\/vlees-voor-b-a-r-f-kippenbillen-1-kg-diepgevroren\/","title":{"rendered":"Vlees voor B.A.R.F. &#8211; Kippenbillen 1 kg (diepgevroren)"},"content":{"rendered":"<h2 class=\"h2\" style=\"margin-right: 0px;margin-bottom: 1.875rem;margin-left: 0px;line-height: 1.1875;padding: 0px\"><span style=\"vertical-align: inherit\">Kippenbillen 1kg<\/span><\/h2>\n<h2 class=\"h2\" style=\"margin-right: 0px;margin-bottom: 1.875rem;margin-left: 0px;line-height: 1.1875;padding: 0px\"><span style=\"vertical-align: inherit\"><br \/><\/span><\/h2>\n<div class=\"text text--1 color__brand--2\" style=\"line-height: 1.5;margin-bottom: 1.875rem\">\n<div style=\"font-family: Livvic, sans-serif;font-size: 18px\">\n<div><b>Waarom rauwe kippendijen goed zijn voor honden:<\/b><\/div>\n<div><b>Kwaliteitseiwitten<\/b>:<\/div>\n<div>Kip is een geweldige bron van eiwitten, essentieel voor spieropbouw, herstel en algehele vitaliteit van uw hond.<\/div>\n<div><b>Rijke bron van voedingsstoffen<\/b>:<\/div>\n<div>Kip bevat vitamine B, fosfor, ijzer en selenium, die belangrijk zijn voor een gezonde stofwisseling, botten en tanden.<\/div>\n<div><b>Ondersteuning van de spijsvertering:<\/b><\/div>\n<div>Sommige hondenbezitters melden dat rauw vlees gemakkelijker te verteren is dan gekookt vlees, omdat het meer enzymen en voedingsstoffen behoudt.<\/div>\n<div><b>Reinigt de tanden en versterkt de kauwspieren:<\/b><\/div>\n<div>Kauwen op een rauw bot dat in het vlees is ingebed, helpt tandplak te verwijderen en versterkt de kauwspieren van uw hond.<\/div>\n<div><b>Natuurlijke voeding:<\/b><\/div>\n<div>Het BARF-dieet, dat rauw vlees bevat, probeert het natuurlijke dieet van wolven en wilde honden na te bootsen.<\/div>\n<div><\/div>\n<div><b>Belangrijke punten bij het voeren van rauwe kippendijen:<\/b><\/div>\n<div><b>Hygi\u00ebne:<\/b><\/div>\n<div>Het is belangrijk om hygi\u00ebnisch te werk te gaan bij het hanteren van rauw vlees om het risico op bacteri\u00eble besmetting te minimaliseren.<\/div>\n<div><b>Invriezen<\/b><span>:<\/span><\/div>\n<div>Het invriezen van vlees v\u00f3\u00f3r het voeren kan het risico op bacteri\u00eble infecties helpen verminderen.<\/div>\n<div><b>Botten:<\/b><\/div>\n<div>Kleine puppy&#8217;s, oudere honden en honden van kleine rassen mogen geen botten krijgen om verwondingen te voorkomen.<\/div>\n<div><b>Gezondheid van de hond:<\/b><\/div>\n<div>Voor honden met spijsverteringsproblemen is het raadzaam om een \u200b\u200bdierenarts te raadplegen over de geschiktheid van een rauw dieet.<\/div>\n<div><b>Bereiding:<\/b><\/div>\n<div>Als u ervoor kiest om gekookt vlees te voeren, is het belangrijk om het goed te koken en geen botten te geven.<\/div>\n<div><\/div>\n<\/div>\n<div style=\"font-family: Livvic, sans-serif;font-size: 18px\"><span style=\"font-family: Poppins, sans-serif;font-size: 1rem\">Wat de klant moet weten:<\/span><\/div>\n<ul>\n<li style=\"margin-left: 8px\"><span style=\"line-height: 15.6933px\"><span style=\"line-height: 17.12px\">altijd vers verwerkt<\/span><\/span><\/li>\n<li style=\"margin-left: 8px\"><span style=\"line-height: 15.6933px\"><span style=\"line-height: 17.12px\">er worden geen chemicali\u00ebn aan het vlees toegevoegd tijdens de verwerking<\/span><\/span><\/li>\n<li style=\"margin-left: 8px\"><span style=\"line-height: 15.6933px\"><span style=\"line-height: 17.12px\">gunstige prijs \u2013 rechtstreeks bij de fabrikant kopen<\/span><\/span><\/li>\n<li style=\"margin-left: 8px\"><span style=\"line-height: 15.6933px\"><span style=\"line-height: 17.12px\">Ons assortiment omvat meer dan 80 soorten diepvriesvlees<\/span><\/span><\/li>\n<li style=\"margin-left: 8px\"><span style=\"line-height: 15.6933px\"><span style=\"line-height: 17.12px\">mogelijkheid om verschillende verpakkingen te kiezen (vacu\u00fcm, microdun, kweek)<\/span><\/span><\/li>\n<\/ul>\n<p><span style=\"line-height: 15.6933px\"><span style=\"line-height: 17.12px\">Diepvriesvlees heeft een houdbaarheid van 1 jaar.<\/span><\/span><\/p>\n<div style=\"font-family: Livvic, sans-serif;font-size: 18px\"><\/div>\n<\/div>\n","protected":false},"excerpt":{"rendered":"<p>Kippendijen zijn zeer licht verteerbaar en een rijke bron van eiwitten. Ze bevatten een gunstige hoeveelheid mineralen, vooral ijzer, fosfor, zink, natrium, kalium en vitamine B. Alles verpakt in een vacu\u00fcmverpakking van ongeveer 1 kg.<\/p>\n","protected":false},"featured_media":43666,"template":"","meta":[],"product_brand":[1769],"product_cat":[],"product_tag":[],"class_list":{"0":"post-43675","1":"product","2":"type-product","3":"status-publish","4":"has-post-thumbnail","6":"product_brand-sokol-falco4","8":"first","9":"instock","10":"taxable","11":"shipping-taxable","12":"purchasable","13":"product-type-simple"},"yoast_head":"<!-- This site is optimized with the Yoast SEO plugin v26.9 - https:\/\/yoast.com\/product\/yoast-seo-wordpress\/ -->\n<title>Vlees voor B.A.R.F. - Kippenbillen 1 kg (diepgevroren) - Catlife<\/title>\n<meta name=\"robots\" content=\"index, follow, max-snippet:-1, max-image-preview:large, max-video-preview:-1\" \/>\n<link rel=\"canonical\" href=\"https:\/\/catlife.be\/de\/produkt\/vlees-voor-b-a-r-f-kippenbillen-1-kg-diepgevroren\/\" \/>\n<meta property=\"og:locale\" content=\"de_DE\" \/>\n<meta property=\"og:type\" content=\"article\" \/>\n<meta property=\"og:title\" content=\"Vlees voor B.A.R.F. - Kippenbillen 1 kg (diepgevroren) - Catlife\" \/>\n<meta property=\"og:description\" content=\"Kippendijen zijn zeer licht verteerbaar en een rijke bron van eiwitten. Ze bevatten een gunstige hoeveelheid mineralen, vooral ijzer, fosfor, zink, natrium, kalium en vitamine B. Alles verpakt in een vacu\u00fcmverpakking van ongeveer 1 kg.\" \/>\n<meta property=\"og:url\" content=\"https:\/\/catlife.be\/de\/produkt\/vlees-voor-b-a-r-f-kippenbillen-1-kg-diepgevroren\/\" \/>\n<meta property=\"og:site_name\" content=\"Catlife\" \/>\n<meta property=\"article:modified_time\" content=\"2026-04-14T15:32:16+00:00\" \/>\n<meta name=\"twitter:card\" content=\"summary_large_image\" \/>\n<meta name=\"twitter:label1\" content=\"Est. reading time\" \/>\n\t<meta name=\"twitter:data1\" content=\"1 minute\" \/>\n<script type=\"application\/ld+json\" class=\"yoast-schema-graph\">{\"@context\":\"https:\/\/schema.org\",\"@graph\":[{\"@type\":\"WebPage\",\"@id\":\"https:\/\/catlife.be\/de\/produkt\/vlees-voor-b-a-r-f-kippenbillen-1-kg-diepgevroren\/\",\"url\":\"https:\/\/catlife.be\/de\/produkt\/vlees-voor-b-a-r-f-kippenbillen-1-kg-diepgevroren\/\",\"name\":\"Vlees voor B.A.R.F. - Kippenbillen 1 kg (diepgevroren) - Catlife\",\"isPartOf\":{\"@id\":\"https:\/\/catlife.be\/de\/#website\"},\"primaryImageOfPage\":{\"@id\":\"https:\/\/catlife.be\/de\/produkt\/vlees-voor-b-a-r-f-kippenbillen-1-kg-diepgevroren\/#primaryimage\"},\"image\":{\"@id\":\"https:\/\/catlife.be\/de\/produkt\/vlees-voor-b-a-r-f-kippenbillen-1-kg-diepgevroren\/#primaryimage\"},\"thumbnailUrl\":\"https:\/\/catlife.be\/wp-content\/uploads\/2025\/10\/Vlees_voor_B_A_R_F__-_Kippenbillen_1_kg_diepgevroren.jpg\",\"datePublished\":\"2025-10-04T05:53:23+00:00\",\"dateModified\":\"2026-04-14T15:32:16+00:00\",\"breadcrumb\":{\"@id\":\"https:\/\/catlife.be\/de\/produkt\/vlees-voor-b-a-r-f-kippenbillen-1-kg-diepgevroren\/#breadcrumb\"},\"inLanguage\":\"de-DE\",\"potentialAction\":[{\"@type\":\"ReadAction\",\"target\":[\"https:\/\/catlife.be\/de\/produkt\/vlees-voor-b-a-r-f-kippenbillen-1-kg-diepgevroren\/\"]}]},{\"@type\":\"ImageObject\",\"inLanguage\":\"de-DE\",\"@id\":\"https:\/\/catlife.be\/de\/produkt\/vlees-voor-b-a-r-f-kippenbillen-1-kg-diepgevroren\/#primaryimage\",\"url\":\"https:\/\/catlife.be\/wp-content\/uploads\/2025\/10\/Vlees_voor_B_A_R_F__-_Kippenbillen_1_kg_diepgevroren.jpg\",\"contentUrl\":\"https:\/\/catlife.be\/wp-content\/uploads\/2025\/10\/Vlees_voor_B_A_R_F__-_Kippenbillen_1_kg_diepgevroren.jpg\",\"width\":1200,\"height\":1200,\"caption\":\"Vlees voor B.A.R.F. - Kippenbillen 1 kg (diepgevroren)\"},{\"@type\":\"BreadcrumbList\",\"@id\":\"https:\/\/catlife.be\/de\/produkt\/vlees-voor-b-a-r-f-kippenbillen-1-kg-diepgevroren\/#breadcrumb\",\"itemListElement\":[{\"@type\":\"ListItem\",\"position\":1,\"name\":\"Home\",\"item\":\"https:\/\/catlife.be\/de\/\"},{\"@type\":\"ListItem\",\"position\":2,\"name\":\"Winkel\",\"item\":\"https:\/\/catlife.be\/winkel\/\"},{\"@type\":\"ListItem\",\"position\":3,\"name\":\"Vlees voor B.A.R.F. &#8211; Kippenbillen 1 kg (diepgevroren)\"}]},{\"@type\":\"WebSite\",\"@id\":\"https:\/\/catlife.be\/de\/#website\",\"url\":\"https:\/\/catlife.be\/de\/\",\"name\":\"Catlife\",\"description\":\"\",\"publisher\":{\"@id\":\"https:\/\/catlife.be\/de\/#organization\"},\"potentialAction\":[{\"@type\":\"SearchAction\",\"target\":{\"@type\":\"EntryPoint\",\"urlTemplate\":\"https:\/\/catlife.be\/de\/?s={search_term_string}\"},\"query-input\":{\"@type\":\"PropertyValueSpecification\",\"valueRequired\":true,\"valueName\":\"search_term_string\"}}],\"inLanguage\":\"de-DE\"},{\"@type\":\"Organization\",\"@id\":\"https:\/\/catlife.be\/de\/#organization\",\"name\":\"Catlife\",\"url\":\"https:\/\/catlife.be\/de\/\",\"logo\":{\"@type\":\"ImageObject\",\"inLanguage\":\"de-DE\",\"@id\":\"https:\/\/catlife.be\/de\/#\/schema\/logo\/image\/\",\"url\":\"https:\/\/catlife.be\/wp-content\/uploads\/2022\/07\/Catlife-transparent-ctverec.png\",\"contentUrl\":\"https:\/\/catlife.be\/wp-content\/uploads\/2022\/07\/Catlife-transparent-ctverec.png\",\"width\":821,\"height\":835,\"caption\":\"Catlife\"},\"image\":{\"@id\":\"https:\/\/catlife.be\/de\/#\/schema\/logo\/image\/\"}}]}<\/script>\n<!-- \/ Yoast SEO plugin. -->","yoast_head_json":{"title":"Vlees voor B.A.R.F. - Kippenbillen 1 kg (diepgevroren) - Catlife","robots":{"index":"index","follow":"follow","max-snippet":"max-snippet:-1","max-image-preview":"max-image-preview:large","max-video-preview":"max-video-preview:-1"},"canonical":"https:\/\/catlife.be\/de\/produkt\/vlees-voor-b-a-r-f-kippenbillen-1-kg-diepgevroren\/","og_locale":"de_DE","og_type":"article","og_title":"Vlees voor B.A.R.F. - Kippenbillen 1 kg (diepgevroren) - Catlife","og_description":"Kippendijen zijn zeer licht verteerbaar en een rijke bron van eiwitten. Ze bevatten een gunstige hoeveelheid mineralen, vooral ijzer, fosfor, zink, natrium, kalium en vitamine B. Alles verpakt in een vacu\u00fcmverpakking van ongeveer 1 kg.","og_url":"https:\/\/catlife.be\/de\/produkt\/vlees-voor-b-a-r-f-kippenbillen-1-kg-diepgevroren\/","og_site_name":"Catlife","article_modified_time":"2026-04-14T15:32:16+00:00","twitter_card":"summary_large_image","twitter_misc":{"Est. reading time":"1 minute"},"schema":{"@context":"https:\/\/schema.org","@graph":[{"@type":"WebPage","@id":"https:\/\/catlife.be\/de\/produkt\/vlees-voor-b-a-r-f-kippenbillen-1-kg-diepgevroren\/","url":"https:\/\/catlife.be\/de\/produkt\/vlees-voor-b-a-r-f-kippenbillen-1-kg-diepgevroren\/","name":"Vlees voor B.A.R.F. - Kippenbillen 1 kg (diepgevroren) - Catlife","isPartOf":{"@id":"https:\/\/catlife.be\/de\/#website"},"primaryImageOfPage":{"@id":"https:\/\/catlife.be\/de\/produkt\/vlees-voor-b-a-r-f-kippenbillen-1-kg-diepgevroren\/#primaryimage"},"image":{"@id":"https:\/\/catlife.be\/de\/produkt\/vlees-voor-b-a-r-f-kippenbillen-1-kg-diepgevroren\/#primaryimage"},"thumbnailUrl":"https:\/\/catlife.be\/wp-content\/uploads\/2025\/10\/Vlees_voor_B_A_R_F__-_Kippenbillen_1_kg_diepgevroren.jpg","datePublished":"2025-10-04T05:53:23+00:00","dateModified":"2026-04-14T15:32:16+00:00","breadcrumb":{"@id":"https:\/\/catlife.be\/de\/produkt\/vlees-voor-b-a-r-f-kippenbillen-1-kg-diepgevroren\/#breadcrumb"},"inLanguage":"de-DE","potentialAction":[{"@type":"ReadAction","target":["https:\/\/catlife.be\/de\/produkt\/vlees-voor-b-a-r-f-kippenbillen-1-kg-diepgevroren\/"]}]},{"@type":"ImageObject","inLanguage":"de-DE","@id":"https:\/\/catlife.be\/de\/produkt\/vlees-voor-b-a-r-f-kippenbillen-1-kg-diepgevroren\/#primaryimage","url":"https:\/\/catlife.be\/wp-content\/uploads\/2025\/10\/Vlees_voor_B_A_R_F__-_Kippenbillen_1_kg_diepgevroren.jpg","contentUrl":"https:\/\/catlife.be\/wp-content\/uploads\/2025\/10\/Vlees_voor_B_A_R_F__-_Kippenbillen_1_kg_diepgevroren.jpg","width":1200,"height":1200,"caption":"Vlees voor B.A.R.F. - Kippenbillen 1 kg (diepgevroren)"},{"@type":"BreadcrumbList","@id":"https:\/\/catlife.be\/de\/produkt\/vlees-voor-b-a-r-f-kippenbillen-1-kg-diepgevroren\/#breadcrumb","itemListElement":[{"@type":"ListItem","position":1,"name":"Home","item":"https:\/\/catlife.be\/de\/"},{"@type":"ListItem","position":2,"name":"Winkel","item":"https:\/\/catlife.be\/winkel\/"},{"@type":"ListItem","position":3,"name":"Vlees voor B.A.R.F. &#8211; Kippenbillen 1 kg (diepgevroren)"}]},{"@type":"WebSite","@id":"https:\/\/catlife.be\/de\/#website","url":"https:\/\/catlife.be\/de\/","name":"Catlife","description":"","publisher":{"@id":"https:\/\/catlife.be\/de\/#organization"},"potentialAction":[{"@type":"SearchAction","target":{"@type":"EntryPoint","urlTemplate":"https:\/\/catlife.be\/de\/?s={search_term_string}"},"query-input":{"@type":"PropertyValueSpecification","valueRequired":true,"valueName":"search_term_string"}}],"inLanguage":"de-DE"},{"@type":"Organization","@id":"https:\/\/catlife.be\/de\/#organization","name":"Catlife","url":"https:\/\/catlife.be\/de\/","logo":{"@type":"ImageObject","inLanguage":"de-DE","@id":"https:\/\/catlife.be\/de\/#\/schema\/logo\/image\/","url":"https:\/\/catlife.be\/wp-content\/uploads\/2022\/07\/Catlife-transparent-ctverec.png","contentUrl":"https:\/\/catlife.be\/wp-content\/uploads\/2022\/07\/Catlife-transparent-ctverec.png","width":821,"height":835,"caption":"Catlife"},"image":{"@id":"https:\/\/catlife.be\/de\/#\/schema\/logo\/image\/"}}]}},"_links":{"self":[{"href":"https:\/\/catlife.be\/de\/wp-json\/wp\/v2\/product\/43675","targetHints":{"allow":["GET"]}}],"collection":[{"href":"https:\/\/catlife.be\/de\/wp-json\/wp\/v2\/product"}],"about":[{"href":"https:\/\/catlife.be\/de\/wp-json\/wp\/v2\/types\/product"}],"wp:featuredmedia":[{"embeddable":true,"href":"https:\/\/catlife.be\/de\/wp-json\/wp\/v2\/media\/43666"}],"wp:attachment":[{"href":"https:\/\/catlife.be\/de\/wp-json\/wp\/v2\/media?parent=43675"}],"wp:term":[{"taxonomy":"product_brand","embeddable":true,"href":"https:\/\/catlife.be\/de\/wp-json\/wp\/v2\/product_brand?post=43675"},{"taxonomy":"product_cat","embeddable":true,"href":"https:\/\/catlife.be\/de\/wp-json\/wp\/v2\/product_cat?post=43675"},{"taxonomy":"product_tag","embeddable":true,"href":"https:\/\/catlife.be\/de\/wp-json\/wp\/v2\/product_tag?post=43675"}],"curies":[{"name":"wp","href":"https:\/\/api.w.org\/{rel}","templated":true}]}}